{"id":9343,"date":"2025-10-23T20:42:58","date_gmt":"2025-10-23T18:42:58","guid":{"rendered":"https:\/\/www.dynamic-club.be\/site\/?page_id=9343"},"modified":"2025-10-23T20:57:19","modified_gmt":"2025-10-23T18:57:19","slug":"test-new-accueill-page","status":"publish","type":"page","link":"https:\/\/www.dynamic-club.be\/site\/test-new-accueill-page\/","title":{"rendered":"Test new Accueill page"},"content":{"rendered":"\n<style>\n.calendar_top {\nwidth: 400px;\nheight: 500px;\noverflow-x: scroll;\nposition: absolute;\nright: 15%;\nbox-sizing: content-box;\npadding-right: 30px; \nscrollbar-color: red white;\n}\n\n\/* Chrome, Edge, Safari *\/\n.calendar_top::-webkit-scrollbar {\n  height: 10px; \/* \u0432\u0438\u0441\u043e\u0442\u0430 \u0433\u043e\u0440\u0438\u0437\u043e\u043d\u0442\u0430\u043b\u044c\u043d\u043e\u0433\u043e \u0441\u043a\u0440\u043e\u043b\u0443 *\/\n}\n\n.calendar_top::-webkit-scrollbar-track {\n  background: white; \/* \u0444\u043e\u043d \u0442\u0440\u0435\u043a\u0443 *\/\n}\n\n.calendar_top::-webkit-scrollbar-thumb {\n  background-color: red; \/* \u0441\u0430\u043c \"\u043f\u043e\u0432\u0437\u0443\u043d\u043e\u043a\" *\/\n  border-radius: 5px;\n  border: 2px solid white; \/* \u0449\u043e\u0431 \u0441\u0442\u0432\u043e\u0440\u0438\u0442\u0438 \u043d\u0435\u0432\u0435\u043b\u0438\u043a\u0438\u0439 \u0432\u0456\u0434\u0441\u0442\u0443\u043f \u0443\u0441\u0435\u0440\u0435\u0434\u0438\u043d\u0456 *\/\n}\n\n\n.pt-cv-overlay-wrapper{\nborder-bottom: 4px solid red;\n}\n<\/style>\n\n\n\n<section class=\"wp-block-group calendar_top is-vertical is-content-justification-right is-nowrap is-layout-flex wp-container-core-group-is-layout-652b31c5 wp-block-group-is-layout-flex\"><div class='pt-cv-wrapper'> <h1 class='pt-cv-heading-container heading1' data-blockid='a22beofy'><span class='pt-cv-heading'> Overlay1 <\/span><\/h1><div class=\"pt-cv-view pt-cv-overlaygrid iscvblock iscvreal overlay1 layout1 cveffect-darken\" id=\"pt-cv-view-a22beofy\"><div data-id=\"pt-cv-page-1\" class=\"pt-cv-page\" data-cvc=\"1\"><div class=\" pt-cv-content-item pt-cv-1-col\" ><div class=\"pt-cv-thumb-wrapper  \"><a href=\"https:\/\/www.dynamic-club.be\/site\/2026\/04\/14\/la-2eme-rencontre-rallye-demo\/\" class=\"_blank pt-cv-href-thumbnail pt-cv-thumb-default\" target=\"_blank\" ><img data-opt-id=1778910360  fetchpriority=\"high\" decoding=\"async\" width=\"1286\" height=\"816\" src=\"https:\/\/mlqek49m4yco.i.optimole.com\/w:auto\/h:auto\/q:mauto\/g:sm\/f:best\/https:\/\/www.dynamic-club.be\/site\/wp-content\/uploads\/2026\/04\/Gemini_Generated_Image_pjc782pjc782pjc7.webp\" class=\"pt-cv-thumbnail\" alt=\"\" srcset=\"https:\/\/mlqek49m4yco.i.optimole.com\/w:1286\/h:816\/q:mauto\/g:sm\/f:best\/https:\/\/www.dynamic-club.be\/site\/wp-content\/uploads\/2026\/04\/Gemini_Generated_Image_pjc782pjc782pjc7.webp 1286w, https:\/\/mlqek49m4yco.i.optimole.com\/w:300\/h:190\/q:mauto\/g:sm\/f:best\/https:\/\/www.dynamic-club.be\/site\/wp-content\/uploads\/2026\/04\/Gemini_Generated_Image_pjc782pjc782pjc7.webp 300w, https:\/\/mlqek49m4yco.i.optimole.com\/w:1024\/h:650\/q:mauto\/g:sm\/f:best\/https:\/\/www.dynamic-club.be\/site\/wp-content\/uploads\/2026\/04\/Gemini_Generated_Image_pjc782pjc782pjc7.webp 1024w, https:\/\/mlqek49m4yco.i.optimole.com\/w:768\/h:487\/q:mauto\/g:sm\/f:best\/https:\/\/www.dynamic-club.be\/site\/wp-content\/uploads\/2026\/04\/Gemini_Generated_Image_pjc782pjc782pjc7.webp 768w\" sizes=\"100vw\" \/><\/a><\/div>\n<div class=\"pt-cv-overlay-wrapper\"><h1 class=\"pt-cv-title\"><a href=\"https:\/\/www.dynamic-club.be\/site\/2026\/04\/14\/la-2eme-rencontre-rallye-demo\/\" class=\"_blank\" target=\"_blank\" >La 2\u00e8me Rencontre Rallye D\u00e9mo<\/a><\/h1><div class=\"pt-cv-content\">Le dimanche 19 avril, le Dynamic Club vous invite \u00e0 la 2\u1d49 Rencontre Rallye D\u00e9mo &#8230;<\/div><div class=\"pt-cv-rmwrap\"><a href=\"https:\/\/www.dynamic-club.be\/site\/2026\/04\/14\/la-2eme-rencontre-rallye-demo\/\" class=\"_blank pt-cv-readmore btn btn-success\" target=\"_blank\" >VOIR PLUS<\/a><\/div><div class=\"pt-cv-meta-fields\"><span class=\"entry-date\"><span class=\"glyphicon glyphicon-calendar\"><\/span> <time datetime=\"2026-04-14T11:05:02+02:00\">14\/04\/2026<\/time><\/span><\/div><\/div><\/div>\n<div class=\" pt-cv-content-item pt-cv-1-col\" ><div class=\"pt-cv-thumb-wrapper  \"><a href=\"https:\/\/www.dynamic-club.be\/site\/2026\/04\/10\/stages-printemps-2026\/\" class=\"_blank pt-cv-href-thumbnail pt-cv-thumb-default\" target=\"_blank\" ><img data-opt-id=1313458969  fetchpriority=\"high\" decoding=\"async\" width=\"1376\" height=\"768\" src=\"https:\/\/mlqek49m4yco.i.optimole.com\/w:auto\/h:auto\/q:mauto\/g:sm\/f:best\/https:\/\/www.dynamic-club.be\/site\/wp-content\/uploads\/2026\/04\/Gemini_Generated_Image_nx89q8nx89q8nx89.webp\" class=\"pt-cv-thumbnail\" alt=\"\" srcset=\"https:\/\/mlqek49m4yco.i.optimole.com\/w:1376\/h:768\/q:mauto\/g:sm\/f:best\/https:\/\/www.dynamic-club.be\/site\/wp-content\/uploads\/2026\/04\/Gemini_Generated_Image_nx89q8nx89q8nx89.webp 1376w, https:\/\/mlqek49m4yco.i.optimole.com\/w:300\/h:167\/q:mauto\/g:sm\/f:best\/https:\/\/www.dynamic-club.be\/site\/wp-content\/uploads\/2026\/04\/Gemini_Generated_Image_nx89q8nx89q8nx89.webp 300w, https:\/\/mlqek49m4yco.i.optimole.com\/w:1024\/h:572\/q:mauto\/g:sm\/f:best\/https:\/\/www.dynamic-club.be\/site\/wp-content\/uploads\/2026\/04\/Gemini_Generated_Image_nx89q8nx89q8nx89.webp 1024w, https:\/\/mlqek49m4yco.i.optimole.com\/w:768\/h:429\/q:mauto\/g:sm\/f:best\/https:\/\/www.dynamic-club.be\/site\/wp-content\/uploads\/2026\/04\/Gemini_Generated_Image_nx89q8nx89q8nx89.webp 768w\" sizes=\"100vw\" \/><\/a><\/div>\n<div class=\"pt-cv-overlay-wrapper\"><h1 class=\"pt-cv-title\"><a href=\"https:\/\/www.dynamic-club.be\/site\/2026\/04\/10\/stages-printemps-2026\/\" class=\"_blank\" target=\"_blank\" >Stages Printemps 2026<\/a><\/h1><div class=\"pt-cv-content\"> &#8230;<\/div><div class=\"pt-cv-rmwrap\"><a href=\"https:\/\/www.dynamic-club.be\/site\/2026\/04\/10\/stages-printemps-2026\/\" class=\"_blank pt-cv-readmore btn btn-success\" target=\"_blank\" >VOIR PLUS<\/a><\/div><div class=\"pt-cv-meta-fields\"><span class=\"entry-date\"><span class=\"glyphicon glyphicon-calendar\"><\/span> <time datetime=\"2026-04-10T12:07:53+02:00\">10\/04\/2026<\/time><\/span><\/div><\/div><\/div>\n<div class=\" pt-cv-content-item pt-cv-1-col\" ><div class=\"pt-cv-thumb-wrapper  \"><a href=\"https:\/\/www.dynamic-club.be\/site\/2026\/01\/21\/stage-de-carnaval\/\" class=\"_blank pt-cv-href-thumbnail pt-cv-thumb-default\" target=\"_blank\" ><img data-opt-id=804972265  data-opt-src=\"https:\/\/mlqek49m4yco.i.optimole.com\/w:auto\/h:auto\/q:mauto\/g:sm\/f:best\/https:\/\/www.dynamic-club.be\/site\/wp-content\/uploads\/2026\/01\/Gemini_Generated_Image_v06ur5v06ur5v06u.png\"  decoding=\"async\" width=\"1024\" height=\"1024\" src=\"data:image/svg+xml,%3Csvg%20viewBox%3D%220%200%20100%%20100%%22%20width%3D%22100%%22%20height%3D%22100%%22%20xmlns%3D%22http%3A%2F%2Fwww.w3.org%2F2000%2Fsvg%22%3E%3Crect%20width%3D%22100%%22%20height%3D%22100%%22%20fill%3D%22transparent%22%2F%3E%3C%2Fsvg%3E\" class=\"pt-cv-thumbnail\" alt=\"\" old-srcset=\"https:\/\/mlqek49m4yco.i.optimole.com\/w:1024\/h:1024\/q:mauto\/g:sm\/f:best\/https:\/\/www.dynamic-club.be\/site\/wp-content\/uploads\/2026\/01\/Gemini_Generated_Image_v06ur5v06ur5v06u.png 1024w, https:\/\/mlqek49m4yco.i.optimole.com\/w:300\/h:300\/q:mauto\/g:sm\/f:best\/https:\/\/www.dynamic-club.be\/site\/wp-content\/uploads\/2026\/01\/Gemini_Generated_Image_v06ur5v06ur5v06u.png 300w, https:\/\/mlqek49m4yco.i.optimole.com\/w:150\/h:150\/q:mauto\/g:sm\/f:best\/https:\/\/www.dynamic-club.be\/site\/wp-content\/uploads\/2026\/01\/Gemini_Generated_Image_v06ur5v06ur5v06u.png 150w, https:\/\/mlqek49m4yco.i.optimole.com\/w:768\/h:768\/q:mauto\/g:sm\/f:best\/https:\/\/www.dynamic-club.be\/site\/wp-content\/uploads\/2026\/01\/Gemini_Generated_Image_v06ur5v06ur5v06u.png 768w, https:\/\/mlqek49m4yco.i.optimole.com\/w:100\/h:100\/q:mauto\/g:sm\/f:best\/dpr:2\/https:\/\/www.dynamic-club.be\/site\/wp-content\/uploads\/2026\/01\/Gemini_Generated_Image_v06ur5v06ur5v06u.png 100w\" \/><\/a><\/div>\n<div class=\"pt-cv-overlay-wrapper\"><h1 class=\"pt-cv-title\"><a href=\"https:\/\/www.dynamic-club.be\/site\/2026\/01\/21\/stage-de-carnaval\/\" class=\"_blank\" target=\"_blank\" >Stage de Carnaval<\/a><\/h1><div class=\"pt-cv-content\">Le stage de Carnaval pr\u00e9vu du 16\/02 au 20\/02 ne pourra pas avoir lieu &#8230;<\/div><div class=\"pt-cv-rmwrap\"><a href=\"https:\/\/www.dynamic-club.be\/site\/2026\/01\/21\/stage-de-carnaval\/\" class=\"_blank pt-cv-readmore btn btn-success\" target=\"_blank\" >VOIR PLUS<\/a><\/div><div class=\"pt-cv-meta-fields\"><span class=\"entry-date\"><span class=\"glyphicon glyphicon-calendar\"><\/span> <time datetime=\"2026-01-21T10:07:46+01:00\">21\/01\/2026<\/time><\/span><\/div><\/div><\/div>\n<div class=\" pt-cv-content-item pt-cv-1-col\" ><div class=\"pt-cv-thumb-wrapper  \"><a href=\"https:\/\/www.dynamic-club.be\/site\/2025\/12\/24\/bonne-annee-2026\/\" class=\"_blank pt-cv-href-thumbnail pt-cv-thumb-default\" target=\"_blank\" ><img data-opt-id=604707195  data-opt-src=\"https:\/\/mlqek49m4yco.i.optimole.com\/w:auto\/h:auto\/q:mauto\/g:sm\/f:best\/https:\/\/www.dynamic-club.be\/site\/wp-content\/uploads\/2025\/12\/New-Year_2026.png\"  loading=\"lazy\" decoding=\"async\" width=\"1024\" height=\"1536\" src=\"data:image/svg+xml,%3Csvg%20viewBox%3D%220%200%20100%%20100%%22%20width%3D%22100%%22%20height%3D%22100%%22%20xmlns%3D%22http%3A%2F%2Fwww.w3.org%2F2000%2Fsvg%22%3E%3Crect%20width%3D%22100%%22%20height%3D%22100%%22%20fill%3D%22transparent%22%2F%3E%3C%2Fsvg%3E\" class=\"pt-cv-thumbnail\" alt=\"\" old-srcset=\"https:\/\/mlqek49m4yco.i.optimole.com\/w:1024\/h:1536\/q:mauto\/g:sm\/f:best\/https:\/\/www.dynamic-club.be\/site\/wp-content\/uploads\/2025\/12\/New-Year_2026.png 1024w, https:\/\/mlqek49m4yco.i.optimole.com\/w:200\/h:300\/q:mauto\/g:sm\/f:best\/https:\/\/www.dynamic-club.be\/site\/wp-content\/uploads\/2025\/12\/New-Year_2026.png 200w, https:\/\/mlqek49m4yco.i.optimole.com\/w:683\/h:1024\/q:mauto\/g:sm\/f:best\/https:\/\/www.dynamic-club.be\/site\/wp-content\/uploads\/2025\/12\/New-Year_2026.png 683w, https:\/\/mlqek49m4yco.i.optimole.com\/w:768\/h:1152\/q:mauto\/g:sm\/f:best\/https:\/\/www.dynamic-club.be\/site\/wp-content\/uploads\/2025\/12\/New-Year_2026.png 768w\" \/><\/a><\/div>\n<div class=\"pt-cv-overlay-wrapper\"><h1 class=\"pt-cv-title\"><a href=\"https:\/\/www.dynamic-club.be\/site\/2025\/12\/24\/bonne-annee-2026\/\" class=\"_blank\" target=\"_blank\" >Bonne Ann\u00e9e 2026<\/a><\/h1><div class=\"pt-cv-content\">Toute l&rsquo;\u00e9quipe vous souhaite d&rsquo;excellentes f\u00eates. En 2026, continuons \u00e0 partager notre passion ! &#8230;<\/div><div class=\"pt-cv-rmwrap\"><a href=\"https:\/\/www.dynamic-club.be\/site\/2025\/12\/24\/bonne-annee-2026\/\" class=\"_blank pt-cv-readmore btn btn-success\" target=\"_blank\" >VOIR PLUS<\/a><\/div><div class=\"pt-cv-meta-fields\"><span class=\"entry-date\"><span class=\"glyphicon glyphicon-calendar\"><\/span> <time datetime=\"2025-12-24T18:39:22+01:00\">24\/12\/2025<\/time><\/span><\/div><\/div><\/div>\n<div class=\" pt-cv-content-item pt-cv-1-col\" ><div class=\"pt-cv-thumb-wrapper  \"><a href=\"https:\/\/www.dynamic-club.be\/site\/2025\/11\/23\/chalet-eurogym-2026\/\" class=\"_blank pt-cv-href-thumbnail pt-cv-thumb-default\" target=\"_blank\" ><img data-opt-id=1061044480  data-opt-src=\"https:\/\/mlqek49m4yco.i.optimole.com\/w:auto\/h:auto\/q:mauto\/g:sm\/f:best\/https:\/\/www.dynamic-club.be\/site\/wp-content\/uploads\/2025\/11\/carousel_eurogym_2026.jpg\"  loading=\"lazy\" decoding=\"async\" width=\"1148\" height=\"874\" src=\"data:image/svg+xml,%3Csvg%20viewBox%3D%220%200%20100%%20100%%22%20width%3D%22100%%22%20height%3D%22100%%22%20xmlns%3D%22http%3A%2F%2Fwww.w3.org%2F2000%2Fsvg%22%3E%3Crect%20width%3D%22100%%22%20height%3D%22100%%22%20fill%3D%22transparent%22%2F%3E%3C%2Fsvg%3E\" class=\"pt-cv-thumbnail\" alt=\"\" old-srcset=\"https:\/\/mlqek49m4yco.i.optimole.com\/w:1148\/h:874\/q:mauto\/g:sm\/f:best\/https:\/\/www.dynamic-club.be\/site\/wp-content\/uploads\/2025\/11\/carousel_eurogym_2026.jpg 1148w, https:\/\/mlqek49m4yco.i.optimole.com\/w:300\/h:228\/q:mauto\/g:sm\/f:best\/https:\/\/www.dynamic-club.be\/site\/wp-content\/uploads\/2025\/11\/carousel_eurogym_2026.jpg 300w, https:\/\/mlqek49m4yco.i.optimole.com\/w:1024\/h:780\/q:mauto\/g:sm\/f:best\/https:\/\/www.dynamic-club.be\/site\/wp-content\/uploads\/2025\/11\/carousel_eurogym_2026.jpg 1024w, https:\/\/mlqek49m4yco.i.optimole.com\/w:768\/h:585\/q:mauto\/g:sm\/f:best\/https:\/\/www.dynamic-club.be\/site\/wp-content\/uploads\/2025\/11\/carousel_eurogym_2026.jpg 768w\" \/><\/a><\/div>\n<div class=\"pt-cv-overlay-wrapper\"><h1 class=\"pt-cv-title\"><a href=\"https:\/\/www.dynamic-club.be\/site\/2025\/11\/23\/chalet-eurogym-2026\/\" class=\"_blank\" target=\"_blank\" >Chalet Eurogym 2026<\/a><\/h1><div class=\"pt-cv-content\">Soyez les bienvenus au chalet du Dynamic Club et soutenez nos gymnastes pour l&rsquo;Eurogym 2026 &#8230;<\/div><div class=\"pt-cv-rmwrap\"><a href=\"https:\/\/www.dynamic-club.be\/site\/2025\/11\/23\/chalet-eurogym-2026\/\" class=\"_blank pt-cv-readmore btn btn-success\" target=\"_blank\" >VOIR PLUS<\/a><\/div><div class=\"pt-cv-meta-fields\"><span class=\"entry-date\"><span class=\"glyphicon glyphicon-calendar\"><\/span> <time datetime=\"2025-11-23T15:34:01+01:00\">23\/11\/2025<\/time><\/span><\/div><\/div><\/div><\/div><\/div> <\/div> <style>\n#pt-cv-view-a22beofy {text-align: center}#pt-cv-view-a22beofy .pt-cv-thumb-wrapper {margin-left: auto; margin-right: auto;}#pt-cv-view-a22beofy .pt-cv-thumb-wrapper::before {background: rgba(0,0,0,.4); opacity: 0.8;}#pt-cv-view-a22beofy .pt-cv-overlay-wrapper {justify-content: center;}\n#pt-cv-view-a22beofy { background-color: #ffffff;border-style: solid;padding: 0px 0px 0px 0px;border-width: 0px 0px 10px 0px; }#pt-cv-view-a22beofy .pt-cv-content-item { border-style: solid;border-radius: 15px 15px 15px 15px; }#pt-cv-view-a22beofy .pt-cv-meta-fields { text-align: center; }#pt-cv-view-a22beofy .pt-cv-meta-fields * { font-size: 13px; }#pt-cv-view-a22beofy .pt-cv-title a { display: block; }#pt-cv-view-a22beofy .pt-cv-title:not(.pt-cv-titlesm) a { font-weight: 600;text-decoration: none;font-size: 20px; }#pt-cv-view-a22beofy .pt-cv-titlesm a { font-weight: 600;font-size: 18px; }#pt-cv-view-a22beofy .pt-cv-content { font-size: 15px; }#pt-cv-view-a22beofy .pt-cv-rmwrap {  }#pt-cv-view-a22beofy .pt-cv-readmore { color: #cf2e2e;background-color: #ffffff00;font-size: 14px; }#pt-cv-view-a22beofy .pt-cv-taxoterm { margin: 0px 0px 20px 0px; }#pt-cv-view-a22beofy .pt-cv-taxoterm * { color: #ffffff;background-color: #e91e63;font-size: 14px; }#pt-cv-view-a22beofy + .pt-cv-pagination-wrapper {  }#pt-cv-view-a22beofy + .pt-cv-pagination-wrapper a { font-size: 14px; }#pt-cv-view-a22beofy > .pt-cv-page {grid-template-columns: repeat(1, 1fr);grid-auto-rows: 250px;grid-gap: 10px;}\n@media all and (max-width: 1024px) { \n#pt-cv-view-a22beofy > .pt-cv-page {}\n} \n@media all and (max-width: 767px) { \n#pt-cv-view-a22beofy > .pt-cv-page {grid-template-columns: repeat(1, 1fr);}\n} <\/style><\/section>\n","protected":false},"excerpt":{"rendered":"","protected":false},"author":5,"featured_media":0,"parent":0,"menu_order":0,"comment_status":"closed","ping_status":"closed","template":"","meta":{"ngg_post_thumbnail":0,"footnotes":""},"class_list":["post-9343","page","type-page","status-publish","hentry"],"_links":{"self":[{"href":"https:\/\/www.dynamic-club.be\/site\/wp-json\/wp\/v2\/pages\/9343","targetHints":{"allow":["GET"]}}],"collection":[{"href":"https:\/\/www.dynamic-club.be\/site\/wp-json\/wp\/v2\/pages"}],"about":[{"href":"https:\/\/www.dynamic-club.be\/site\/wp-json\/wp\/v2\/types\/page"}],"author":[{"embeddable":true,"href":"https:\/\/www.dynamic-club.be\/site\/wp-json\/wp\/v2\/users\/5"}],"replies":[{"embeddable":true,"href":"https:\/\/www.dynamic-club.be\/site\/wp-json\/wp\/v2\/comments?post=9343"}],"version-history":[{"count":0,"href":"https:\/\/www.dynamic-club.be\/site\/wp-json\/wp\/v2\/pages\/9343\/revisions"}],"wp:attachment":[{"href":"https:\/\/www.dynamic-club.be\/site\/wp-json\/wp\/v2\/media?parent=9343"}],"curies":[{"name":"wp","href":"https:\/\/api.w.org\/{rel}","templated":true}]}}