{"id":8,"date":"2017-11-08T21:58:31","date_gmt":"2017-11-08T20:58:31","guid":{"rendered":"http:\/\/www.dynamic-club.be\/site\/?page_id=8"},"modified":"2025-11-24T14:04:53","modified_gmt":"2025-11-24T13:04:53","slug":"presentation-du-club","status":"publish","type":"page","link":"https:\/\/www.dynamic-club.be\/site\/presentation-du-club\/","title":{"rendered":"Page &#8211; Pr\u00e9sentation du club"},"content":{"rendered":"\t\t<div data-elementor-type=\"wp-post\" data-elementor-id=\"8\" class=\"elementor elementor-8\">\n\t\t\t\t\t\t<section class=\"elementor-section elementor-top-section elementor-element elementor-element-1adc1dc9 elementor-section-boxed elementor-section-height-default elementor-section-height-default\" data-id=\"1adc1dc9\" data-element_type=\"section\" data-e-type=\"section\">\n\t\t\t\t\t\t<div class=\"elementor-container elementor-column-gap-default\">\n\t\t\t\t\t<div class=\"elementor-column elementor-col-100 elementor-top-column elementor-element elementor-element-43752b5f\" data-id=\"43752b5f\" data-element_type=\"column\" data-e-type=\"column\">\n\t\t\t<div class=\"elementor-widget-wrap elementor-element-populated\">\n\t\t\t\t\t\t<div class=\"elementor-element elementor-element-3d061ca6 elementor-widget elementor-widget-text-editor\" data-id=\"3d061ca6\" data-element_type=\"widget\" data-e-type=\"widget\" data-widget_type=\"text-editor.default\">\n\t\t\t\t\t\t\t\t\t<table width=\"100%\" cellspacing=\"0\" cellpadding=\"0\"><tbody><tr><td><h1><strong>Pr\u00e9sentation du Dynamic Club<\/strong><\/h1><\/td><\/tr><\/tbody><\/table><table><colgroup> <col width=\"10%\" \/> <col width=\"90%\" \/><\/colgroup><tbody><tr><td>\u00a0<\/td><td><p>Le Dynamic Club est un club de gymnastique cr\u00e9\u00e9 en 1977 dans les locaux de l&rsquo;Institut de la Vall\u00e9e Bailly \u00e0 Braine-l&rsquo;Alleud.\u00a0<a href=\"http:\/\/www.dynamic-club.be\/site\/contact\/\">(plan d&rsquo;acc\u00e8s)<\/a><\/p><p>Affili\u00e9 \u00e0 la F\u00e9d\u00e9ration Francophone de Gymnastique (FfG), f\u00e9d\u00e9ration reconnue par la Communaut\u00e9 Fran\u00e7aise de Belgique, le club propose des activit\u00e9s gymniques pour tous les \u00e2ges, mais aussi du tennis, du jazz, et cela dans le magnifique cadre des salles sp\u00e9cialis\u00e9es de l&rsquo;Institut de la Vall\u00e9e Bailly.<br \/>Fond\u00e9 par Guy Urbain, professeur d&rsquo;\u00e9ducation physique \u00e0 l&rsquo;Institut, le club d\u00e9bute ses activit\u00e9s en septembre 1977 avec une petite section de gymnastique g\u00e9n\u00e9rale d&rsquo;une vingtaine d&rsquo;\u00e9l\u00e8ves. Depuis, le club n&rsquo;a cess\u00e9 de cro\u00eetre et d&rsquo;ex\u00e9cuter sa mission. Il compte actuellement plus de 500 membres actifs.<\/p><\/td><\/tr><\/tbody><\/table><h2>But social du Club<\/h2><table><colgroup> <col width=\"8%\" \/> <col width=\"92%\" \/><\/colgroup><tbody><tr><td>\u00a0<\/td><td>L&rsquo;organisation a pour but le d\u00e9veloppement et la promotion de toute activit\u00e9 sportive, culturelle, p\u00e9dagogique et r\u00e9cr\u00e9ative.<br \/>Les activit\u00e9s de l&rsquo;association visent \u00e0 offrir aux sportifs la possibilit\u00e9 de pratiquer pour le plaisir, pour leur \u00e9quilibre personnel, pour l&rsquo;am\u00e9lioration de leur sant\u00e9 ou de leur condition physique, diff\u00e9rentes disciplines sportives, et principalement les disciplines gymniques et les activit\u00e9s s&rsquo;y rapportant.<br \/>Actuellement les disciplines propos\u00e9es sont la gymnastique artistique f\u00e9minine et masculine, le groupe de d\u00e9monstration, la gymnastique rythmique, la psychomotricit\u00e9, le jazz, la gymnastique d&rsquo;entretien pour adultes et le tennis.<br \/>La section de gymnastique artistique f\u00e9minine (GAF) et masculine (GAM ) permet une \u00e9volution vers un d\u00e9passement de soi, en participant aux diff\u00e9rents championnats organis\u00e9s par la F\u00e9d\u00e9ration, tout en respectant l&rsquo;\u00e9quilibre physique et psychique du gymnaste.<\/td><\/tr><\/tbody><\/table><h2>Association sans but lucratif<\/h2><table border=\"0\" width=\"100%\"><colgroup> <col width=\"7%\" \/> <col width=\"93%\" \/><\/colgroup><tbody><tr><td>\u00a0<\/td><td><p>Le club est une ASBL (association sans but lucratif), affili\u00e9e \u00e0 la FfG (f\u00e9d\u00e9ration francophone de gymnastique), et reconnue par la Communaut\u00e9 Fran\u00e7aise, la Province du Brabant Wallon et la Commune de Braine-l&rsquo;Alleud. Elle est soumise au respect des d\u00e9crets qui conditionnent la reconnaissance des f\u00e9d\u00e9rations sportives. Elle est membre de la Maison des Sports de Braine-l&rsquo;Alleud. Les frais de participation demand\u00e9s aux membres lors des inscriptions et activit\u00e9s de financement servent \u00e0 payer les frais de location des locaux, de fonctionnement, d&rsquo;assurance, d&rsquo;entra\u00eeneurs (au nombre d&rsquo;une vingtaine), d&rsquo;entretien des \u00e9quipements, ainsi qu&rsquo;\u00e0 acqu\u00e9rir de nouveaux \u00e9quipements et \u00e0 mettre sur pied des \u00e9v\u00e9nements faisant la promotion de la gymnastique et des autres sports organis\u00e9s.<\/p><p>Le\u00a0<b>Conseil d&rsquo;Administration<\/b>\u00a0est compos\u00e9 de :<\/p><table border=\"0\" width=\"60%\" cellspacing=\"0\" cellpadding=\"3\"><colgroup> <col width=\"40%\" \/> <col width=\"30%\" \/> <col \/><\/colgroup><tbody><tr><td>Merlotto Jean-Carlo<\/td><td>\u00a0<\/td><td>pr\u00e9sident<\/td><td>\u00a0<\/td><\/tr><tr><td>Bingen Claire<\/td><td>\u00a0<\/td><td>tr\u00e9sori\u00e8re<\/td><td>\u00a0<\/td><\/tr><tr><td>Fantuzzi Camille<\/td><td>\u00a0<\/td><td>secr\u00e9taire<\/td><td>\u00a0<\/td><\/tr><tr><td>Le Cren St\u00e9phanie<\/td><td>\u00a0<\/td><td>administratrice<\/td><td>\u00a0<\/td><\/tr><tr><td>Hoogaert Laurence<\/td><td>\u00a0<\/td><td>administratrice<\/td><td>\u00a0<\/td><\/tr><tr><td>Siberdt Pauline<\/td><td>\u00a0<\/td><td>administratrice<\/td><td>\u00a0<\/td><\/tr><tr><td>Vanosmael Marie<\/td><td>\u00a0<\/td><td>administratrice<\/td><td>\u00a0<\/td><\/tr><tr><td>Thibaut Baptiste<\/td><td>\u00a0<\/td><td>administrateur<\/td><td>\u00a0<\/td><\/tr><\/tbody><\/table><p><strong style=\"font-family: inherit; font-size: inherit;\">Voir aussi <\/strong><strong style=\"font-family: inherit; font-size: inherit;\"><a href=\"http:\/\/www.dynamic-club.be\/site\/contact\/\"><b>contacts<\/b><\/a><\/strong><\/p><\/td><\/tr><\/tbody><\/table><h2>O\u00f9 nous situons-nous ?<\/h2><table border=\"0\" width=\"100%\"><colgroup> <col width=\"7%\" \/> <col width=\"93%\" \/><\/colgroup><tbody><tr><td>\u00a0<\/td><td>Tous les cours se donnent dans l&rsquo;infrastructure sportive de l&rsquo;Institut de la Vall\u00e9e Bailly, situ\u00e9e rue Vall\u00e9e Bailly, 102 \u00e0 1420 Braine-l&rsquo;Alleud, en Belgique.\u00a0<a href=\"http:\/\/www.dynamic-club.be\/site\/contact\/\">(plan d&rsquo;acc\u00e8s)<\/a><br \/>Les cours de gymnastique se donnent dans une salle sp\u00e9cifique \u00ab\u00a0hall de gymnastique\u00a0\u00bb \u00e9quip\u00e9e de tous les engins olympiques pour gar\u00e7ons et filles; la plupart des engins sont d\u00e9doubl\u00e9s.<br \/>Les cours de psychomotricit\u00e9, d&rsquo;air-track et certains cours de gymnastique se donnent dans la \u00ab\u00a0petite salle de gymnastique\u00a0\u00bb du hall de sport. Cette salle est \u00e9quip\u00e9e d&rsquo;une fosse d&rsquo;entra\u00eenement.<br \/>Les cours de judo, de jazz et de chor\u00e9graphie se donnent dans la \u00ab\u00a0salle d&rsquo;expression corporelle\u00a0\u00bb \u00e0 l&rsquo;\u00e9tage. Un miroir de 12 m de long facilite les corrections.<br \/>Les cours de tennis se donnent dans le grand hall de sports, avec deux terrains couverts.<\/td><\/tr><tr><td>\u00a0<\/td><td>\u00a0<\/td><\/tr><\/tbody><\/table>\t\t\t\t\t\t\t\t<\/div>\n\t\t\t\t\t<\/div>\n\t\t<\/div>\n\t\t\t\t\t<\/div>\n\t\t<\/section>\n\t\t\t\t<\/div>\n\t\t","protected":false},"excerpt":{"rendered":"<p>Pr\u00e9sentation du Dynamic Club \u00a0 Le Dynamic Club est un club de gymnastique cr\u00e9\u00e9 en 1977 dans les locaux de l&rsquo;Institut de la Vall\u00e9e Bailly \u00e0 Braine-l&rsquo;Alleud.\u00a0(plan d&rsquo;acc\u00e8s) Affili\u00e9 \u00e0 la F\u00e9d\u00e9ration Francophone de Gymnastique (FfG), f\u00e9d\u00e9ration reconnue par la Communaut\u00e9 Fran\u00e7aise de Belgique, le club propose des activit\u00e9s gymniques pour tous les \u00e2ges, mais &hellip; <\/p>\n<p class=\"link-more\"><a href=\"https:\/\/www.dynamic-club.be\/site\/presentation-du-club\/\" class=\"more-link\">Continuer la lecture<span class=\"screen-reader-text\"> de &laquo;&nbsp;Page &#8211; Pr\u00e9sentation du club&nbsp;&raquo;<\/span><\/a><\/p>\n","protected":false},"author":2,"featured_media":0,"parent":0,"menu_order":0,"comment_status":"closed","ping_status":"closed","template":"","meta":{"ngg_post_thumbnail":0,"footnotes":""},"class_list":["post-8","page","type-page","status-publish","hentry"],"_links":{"self":[{"href":"https:\/\/www.dynamic-club.be\/site\/wp-json\/wp\/v2\/pages\/8","targetHints":{"allow":["GET"]}}],"collection":[{"href":"https:\/\/www.dynamic-club.be\/site\/wp-json\/wp\/v2\/pages"}],"about":[{"href":"https:\/\/www.dynamic-club.be\/site\/wp-json\/wp\/v2\/types\/page"}],"author":[{"embeddable":true,"href":"https:\/\/www.dynamic-club.be\/site\/wp-json\/wp\/v2\/users\/2"}],"replies":[{"embeddable":true,"href":"https:\/\/www.dynamic-club.be\/site\/wp-json\/wp\/v2\/comments?post=8"}],"version-history":[{"count":0,"href":"https:\/\/www.dynamic-club.be\/site\/wp-json\/wp\/v2\/pages\/8\/revisions"}],"wp:attachment":[{"href":"https:\/\/www.dynamic-club.be\/site\/wp-json\/wp\/v2\/media?parent=8"}],"curies":[{"name":"wp","href":"https:\/\/api.w.org\/{rel}","templated":true}]}}