{"id":7826,"date":"2025-05-15T17:51:34","date_gmt":"2025-05-15T15:51:34","guid":{"rendered":"https:\/\/www.dynamic-club.be\/site\/?page_id=7826"},"modified":"2026-04-27T15:44:30","modified_gmt":"2026-04-27T13:44:30","slug":"page-infos-generales-inscription","status":"publish","type":"page","link":"https:\/\/www.dynamic-club.be\/site\/page-infos-generales-inscription\/","title":{"rendered":"Page -Infos g\u00e9n\u00e9rales Inscription"},"content":{"rendered":"\t\t<div data-elementor-type=\"wp-page\" data-elementor-id=\"7826\" class=\"elementor elementor-7826\">\n\t\t\t\t<div class=\"elementor-element elementor-element-e5755f0 e-flex e-con-boxed e-con e-parent\" data-id=\"e5755f0\" data-element_type=\"container\" data-e-type=\"container\">\n\t\t\t\t\t<div class=\"e-con-inner\">\n\t\t\t\t<div class=\"elementor-element elementor-element-b757895 elementor-widget elementor-widget-heading\" data-id=\"b757895\" data-element_type=\"widget\" data-e-type=\"widget\" data-widget_type=\"heading.default\">\n\t\t\t\t\t<h2 class=\"elementor-heading-title elementor-size-default\">Inscriptions pour la saison 2026-2027<\/h2>\t\t\t\t<\/div>\n\t\t\t\t<div class=\"elementor-element elementor-element-ca83a5e elementor-alert-info elementor-widget elementor-widget-alert\" data-id=\"ca83a5e\" data-element_type=\"widget\" data-e-type=\"widget\" data-settings=\"{&quot;_animation&quot;:&quot;none&quot;,&quot;_animation_delay&quot;:1000}\" data-widget_type=\"alert.default\">\n\t\t\t\t\t\t\t<div class=\"elementor-alert\" role=\"alert\">\n\n\t\t\t\t\t\t<span class=\"elementor-alert-title\">MEMBRES AFFILI\u00c9S 2025-2026 EN ORDRE DE COTISATION<\/span>\n\t\t\t\n\t\t\t\t\t\t<span class=\"elementor-alert-description\">Les membres affili\u00e9s 2025-2026 en ordre de cotisation recevront \u00e0 partir du 18 mai 2026, via e-mail, un formulaire de r\u00e9inscription \u00e0 compl\u00e9ter et \u00e0 renvoyer pour le 13 juin 2026 au plus tard.<\/span>\n\t\t\t\n\t\t\t\n\t\t<\/div>\n\t\t\t\t\t\t<\/div>\n\t\t\t\t<div class=\"elementor-element elementor-element-a56f1df elementor-widget elementor-widget-heading\" data-id=\"a56f1df\" data-element_type=\"widget\" data-e-type=\"widget\" data-widget_type=\"heading.default\">\n\t\t\t\t\t<h3 class=\"elementor-heading-title elementor-size-default\">Nouveaux membres pour inscription saison 2026-2027<\/h3>\t\t\t\t<\/div>\n\t\t\t\t<div class=\"elementor-element elementor-element-8981fab elementor-widget elementor-widget-text-editor\" data-id=\"8981fab\" data-element_type=\"widget\" data-e-type=\"widget\" data-widget_type=\"text-editor.default\">\n\t\t\t\t\t\t\t\t\t<div class=\"wp-timeline\">\n<div class=\"timeline-item\">\n<div class=\"timeline-icon\">\ud83d\udcc5<\/div>\n<div class=\"timeline-content\">\n<h4>D\u00e9but<\/h4>\n<p data-start=\"102\" data-end=\"217\"><strong data-start=\"102\" data-end=\"132\">Samedi 27 juin 2026 \u00e0 9h00<\/strong>, les inscriptions pour la <strong data-start=\"159\" data-end=\"179\">saison 2026\u20132025<\/strong>\u00a0ouvriront via le formulaire.<\/p>\n<p data-start=\"219\" data-end=\"527\">A partir du 22 \u00a0juin, vous avez la possibilit\u00e9 de <strong data-start=\"265\" data-end=\"296\">pr\u00e9visualiser le formulaire<\/strong> afin de consulter les groupes encore disponibles et de vous familiariser avec les informations \u00e0 renseigner.<br data-start=\"405\" data-end=\"408\" \/>Veuillez noter qu\u2019il <strong data-start=\"429\" data-end=\"480\">ne sera pas possible de soumettre le formulaire<\/strong> avant l\u2019ouverture officielle des inscriptions.<\/p>\n\n<\/div>\n<\/div>\n<div class=\"timeline-item\">\n<div class=\"timeline-icon\">\u2705<\/div>\n<div class=\"timeline-content\">\n<h4>Fin<\/h4>\nLundi 29 juin 2026 inclus\n\n<\/div>\n<\/div>\n<div class=\"timeline-item\">\n<div class=\"timeline-icon\">\ud83d\udccc<\/div>\n<div class=\"timeline-content\">\n<h4>Groupes concern\u00e9s<\/h4>\nPour les places restantes des disciplines :\n<ul>\n \t<li><strong>GAF<\/strong> \u2013 Gymnastique Artistique F\u00e9minine<\/li>\n \t<li><strong>GAM<\/strong> \u2013 Gymnastique Artistique Masculine<\/li>\n \t<li><strong>GR<\/strong> \u2013 Gymnastique Rythmique<\/li>\n \t<li><strong>AIRTRACK<\/strong><\/li>\n<\/ul>\n<\/div>\n<\/div>\n<\/div>\t\t\t\t\t\t\t\t<\/div>\n\t\t\t\t<div class=\"elementor-element elementor-element-4ecdd99 elementor-alert-warning elementor-widget elementor-widget-alert\" data-id=\"4ecdd99\" data-element_type=\"widget\" data-e-type=\"widget\" data-settings=\"{&quot;_animation&quot;:&quot;none&quot;,&quot;_animation_delay&quot;:1000}\" data-widget_type=\"alert.default\">\n\t\t\t\t\t\t\t<div class=\"elementor-alert\" role=\"alert\">\n\n\t\t\t\t\t\t<span class=\"elementor-alert-title\">UN SEUL CHOIX DE GROUPE EST POSSIBLE PAR FORMULAIRE<\/span>\n\t\t\t\n\t\t\t\t\t\t<span class=\"elementor-alert-description\">Pour une inscription \u00e0 un 2\u00e8me groupe, il vous faudra introduire une nouvelle demande en compl\u00e9tant un nouveau formulaire.<\/span>\n\t\t\t\n\t\t\t\n\t\t<\/div>\n\t\t\t\t\t\t<\/div>\n\t\t\t\t<div class=\"elementor-element elementor-element-1518d6f elementor-widget elementor-widget-text-editor\" data-id=\"1518d6f\" data-element_type=\"widget\" data-e-type=\"widget\" data-widget_type=\"text-editor.default\">\n\t\t\t\t\t\t\t\t\t<div class=\"timeline-item\">\n<div class=\"timeline-icon\">\ud83d\udcc6<\/div>\n<div class=\"timeline-content\">\n<h4>Infos pratiques<\/h4>\n<ul>\n \t<li>D\u00e9compte des frais envoy\u00e9 mi-juillet, \u00e0 r\u00e9gler avant le <strong>15 ao\u00fbt 2026<\/strong>.<\/li>\n \t<li>Reprise des cours : <strong>lundi 24 ao\u00fbt 2026<\/strong>.<\/li>\n \t<li>Des modifications de groupe peuvent survenir pour des raisons d&rsquo;organisation.<\/li>\n<\/ul>\n<\/div>\n<\/div>\t\t\t\t\t\t\t\t<\/div>\n\t\t\t\t<div class=\"elementor-element elementor-element-fcd98c3 elementor-widget elementor-widget-html\" data-id=\"fcd98c3\" data-element_type=\"widget\" data-e-type=\"widget\" data-widget_type=\"html.default\">\n\t\t\t\t\t<div class=\"modern-timeline\">\n  <div class=\"timeline-block\">\n    <div class=\"timeline-icon\">\ud83d\udd04<\/div>\n    <div class=\"timeline-content\">\n      <h4>Traitement des demandes (30 juin\u20134 juillet)<\/h4>\n      <p>Les demandes seront trait\u00e9es avec priorit\u00e9 \u00e0 l\u2019ordre d\u2019arriv\u00e9e du formulaire.<\/p>\n      <p><h5>Trois r\u00e9ponses possibles :<\/h5><\/p>\n      <ul>\n        <li><strong>Accept\u00e9e<\/strong> : car le quota du groupe n'est pas atteint.<\/li>\n        <li><strong>Liste d\u2019attente<\/strong> : vous \u00eates sur la liste de r\u00e9serve (1\u00e8re \u00e0 5\u00e8me). Inscription possible jusqu'au 31\/03\/2027 si d\u00e9sistement. Listes remises \u00e0 z\u00e9ro le 01\/04\/2027.<\/li>\n        <li><strong>Refus\u00e9e<\/strong> : la limite de quota + 5 r\u00e9serves est atteinte.<\/li>\n      <\/ul>\n      <aside class=\"info-message\" role=\"note\">\n        \u2139\ufe0f Le quota d\u00e9pend du nombre de moniteurs disponibles.\n      <\/aside>\n    <\/div>\n  <\/div>\n\n  <div class=\"timeline-block\">\n    <div class=\"timeline-icon\">\ud83c\udf34<\/div>\n    <div class=\"timeline-content\">\n      <h4>Pause estivale<\/h4>\n      <p>Toute demande envoy\u00e9e entre le <strong>30 juin<\/strong> et le <strong>16 ao\u00fbt 2026<\/strong> NE SERA PAS prise en consid\u00e9ration.<\/p>\n    <\/div>\n  <\/div>\n\n  <div class=\"timeline-block\">\n    <div class=\"timeline-icon\">\ud83d\udce5<\/div>\n    <div class=\"timeline-content\">\n      <h4>Reprise des demandes<\/h4>\n      <p>\u00c0 partir du <strong>17 ao\u00fbt 2026<\/strong>, les demandes d'inscription seront \u00e0 nouveau possibles via le formulaire.\n      <br>\n      <a href=\"https:\/\/staging.dynamic-club.be\/site\/inscription-2025-2026\/\" class=\"form-link\">Cliquez ici pour acc\u00e9der au formulaire d'inscription<\/a><\/p>\n    <\/div>\n  <\/div>\n\n<\/div>\t\t\t\t<\/div>\n\t\t\t\t\t<\/div>\n\t\t\t\t<\/div>\n\t\t\t\t<\/div>\n\t\t","protected":false},"excerpt":{"rendered":"<p>Inscriptions pour la saison 2026-2027 MEMBRES AFFILI\u00c9S 2025-2026 EN ORDRE DE COTISATION Les membres affili\u00e9s 2025-2026 en ordre de cotisation recevront \u00e0 partir du 18 mai 2026, via e-mail, un formulaire de r\u00e9inscription \u00e0 compl\u00e9ter et \u00e0 renvoyer pour le 13 juin 2026 au plus tard. Nouveaux membres pour inscription saison 2026-2027 &#x1f4c5; D\u00e9but Samedi &hellip; <\/p>\n<p class=\"link-more\"><a href=\"https:\/\/www.dynamic-club.be\/site\/page-infos-generales-inscription\/\" class=\"more-link\">Continuer la lecture<span class=\"screen-reader-text\"> de &laquo;&nbsp;Page -Infos g\u00e9n\u00e9rales Inscription&nbsp;&raquo;<\/span><\/a><\/p>\n","protected":false},"author":5,"featured_media":0,"parent":0,"menu_order":0,"comment_status":"closed","ping_status":"closed","template":"","meta":{"ngg_post_thumbnail":0,"footnotes":""},"class_list":["post-7826","page","type-page","status-publish","hentry"],"_links":{"self":[{"href":"https:\/\/www.dynamic-club.be\/site\/wp-json\/wp\/v2\/pages\/7826","targetHints":{"allow":["GET"]}}],"collection":[{"href":"https:\/\/www.dynamic-club.be\/site\/wp-json\/wp\/v2\/pages"}],"about":[{"href":"https:\/\/www.dynamic-club.be\/site\/wp-json\/wp\/v2\/types\/page"}],"author":[{"embeddable":true,"href":"https:\/\/www.dynamic-club.be\/site\/wp-json\/wp\/v2\/users\/5"}],"replies":[{"embeddable":true,"href":"https:\/\/www.dynamic-club.be\/site\/wp-json\/wp\/v2\/comments?post=7826"}],"version-history":[{"count":0,"href":"https:\/\/www.dynamic-club.be\/site\/wp-json\/wp\/v2\/pages\/7826\/revisions"}],"wp:attachment":[{"href":"https:\/\/www.dynamic-club.be\/site\/wp-json\/wp\/v2\/media?parent=7826"}],"curies":[{"name":"wp","href":"https:\/\/api.w.org\/{rel}","templated":true}]}}