{"id":4410,"date":"2025-06-13T10:46:38","date_gmt":"2025-06-13T08:46:38","guid":{"rendered":"http:\/\/www.dynamic-club.be\/site\/?page_id=4410"},"modified":"2025-10-13T15:10:37","modified_gmt":"2025-10-13T13:10:37","slug":"stages-inscription","status":"publish","type":"page","link":"https:\/\/www.dynamic-club.be\/site\/stages-inscription\/","title":{"rendered":"Page &#8211; Stage Formulaire 2025\u20132026"},"content":{"rendered":"\t\t<div data-elementor-type=\"wp-page\" data-elementor-id=\"4410\" class=\"elementor elementor-4410\">\n\t\t\t\t<div class=\"elementor-element elementor-element-7308e44 e-flex e-con-boxed e-con e-parent\" data-id=\"7308e44\" data-element_type=\"container\" data-e-type=\"container\">\n\t\t\t\t\t<div class=\"e-con-inner\">\n\t\t\t\t<div class=\"elementor-element elementor-element-0776d98 elementor-widget elementor-widget-text-editor\" data-id=\"0776d98\" data-element_type=\"widget\" data-e-type=\"widget\" data-widget_type=\"text-editor.default\">\n\t\t\t\t\t\t\t\t\t<p>\n  <div style=\"background: #f8f9fa;font-family: Arial, sans-serif;text-align: center;padding: 40px 20px;color: #333\">\n    <div style=\"max-width: 600px;margin: 0 auto;background: #fff;padding: 30px;border-radius: 10px\">\n      <img data-opt-id=352825507  fetchpriority=\"high\" decoding=\"async\" src=\"https:\/\/mlqek49m4yco.i.optimole.com\/w:auto\/h:auto\/q:mauto\/g:sm\/f:best\/https:\/\/www.dynamic-club.be\/site\/wp-content\/uploads\/2025\/07\/inscriptions_terminee.jpg\" width=\"300\" height=\"300\"><\/img>\n      <p style=\"line-height: 1.6\">\n        Merci pour votre int\u00e9r\u00eat pour notre club sportif.<br \/>\n        La p\u00e9riode d\u2019inscription est d\u00e9sormais termin\u00e9e.\n      <\/p>\n      <p style=\"line-height: 1.6\">\n        Nous remercions tous les participants pour leur enthousiasme et leur soutien.<br \/>\n        Restez \u00e0 l\u2019\u00e9coute pour nos prochaines annonces et activit\u00e9s \u00e0 venir !\n      <\/p>\n      <div style=\"color: #666;margin-top: 30px\">\n        \u2014 L\u2019\u00e9quipe du club sportif\n      <\/div>\n    <\/div>\n  <\/div>\n\n\n  <\/p>\t\t\t\t\t\t\t\t<\/div>\n\t\t\t\t\t<\/div>\n\t\t\t\t<\/div>\n\t\t<div class=\"elementor-element elementor-element-2c21241 e-flex e-con-boxed e-con e-parent\" data-id=\"2c21241\" data-element_type=\"container\" data-e-type=\"container\">\n\t\t\t\t\t<div class=\"e-con-inner\">\n\t\t\t\t<div class=\"elementor-element elementor-element-4f661b0 elementor-widget elementor-widget-html\" data-id=\"4f661b0\" data-element_type=\"widget\" data-e-type=\"widget\" data-widget_type=\"html.default\">\n\t\t\t\t\t<script>\ndocument.addEventListener('DOMContentLoaded', function() {\n    const form = document.querySelector('.frm_forms'); \/\/ Adjust class if multiple forms\n\n    if (form) {\n        form.addEventListener('keydown', function(e) {\n            if (e.key === 'Enter') {\n                e.preventDefault(); \/\/ Prevent default form submission\n\n                const focusable = Array.from(form.querySelectorAll('input, select, textarea'))\n                    .filter(el => !el.disabled && el.offsetParent !== null && el.type !== 'hidden');\n\n                const index = focusable.indexOf(document.activeElement);\n\n                if (index > -1 && index < focusable.length - 1) {\n                    focusable[index + 1].focus();\n                }\n            }\n        });\n    }\n});\n<\/script>\n\t\t\t\t<\/div>\n\t\t\t\t\t<\/div>\n\t\t\t\t<\/div>\n\t\t\t\t<\/div>\n\t\t","protected":false},"excerpt":{"rendered":"","protected":false},"author":5,"featured_media":0,"parent":0,"menu_order":0,"comment_status":"closed","ping_status":"closed","template":"","meta":{"ngg_post_thumbnail":0,"footnotes":""},"class_list":["post-4410","page","type-page","status-publish","hentry"],"_links":{"self":[{"href":"https:\/\/www.dynamic-club.be\/site\/wp-json\/wp\/v2\/pages\/4410","targetHints":{"allow":["GET"]}}],"collection":[{"href":"https:\/\/www.dynamic-club.be\/site\/wp-json\/wp\/v2\/pages"}],"about":[{"href":"https:\/\/www.dynamic-club.be\/site\/wp-json\/wp\/v2\/types\/page"}],"author":[{"embeddable":true,"href":"https:\/\/www.dynamic-club.be\/site\/wp-json\/wp\/v2\/users\/5"}],"replies":[{"embeddable":true,"href":"https:\/\/www.dynamic-club.be\/site\/wp-json\/wp\/v2\/comments?post=4410"}],"version-history":[{"count":0,"href":"https:\/\/www.dynamic-club.be\/site\/wp-json\/wp\/v2\/pages\/4410\/revisions"}],"wp:attachment":[{"href":"https:\/\/www.dynamic-club.be\/site\/wp-json\/wp\/v2\/media?parent=4410"}],"curies":[{"name":"wp","href":"https:\/\/api.w.org\/{rel}","templated":true}]}}