{"id":368,"date":"2017-11-19T15:42:02","date_gmt":"2017-11-19T14:42:02","guid":{"rendered":"http:\/\/www.dynamic-club.be\/site\/?page_id=368"},"modified":"2025-09-20T15:19:21","modified_gmt":"2025-09-20T13:19:21","slug":"ephemerides-et-conges","status":"publish","type":"page","link":"https:\/\/www.dynamic-club.be\/site\/ephemerides-et-conges\/","title":{"rendered":"\u00c9ph\u00e9m\u00e9rides et cong\u00e9s"},"content":{"rendered":"\t\t<div data-elementor-type=\"wp-page\" data-elementor-id=\"368\" class=\"elementor elementor-368\">\n\t\t\t\t\t\t<section class=\"elementor-section elementor-top-section elementor-element elementor-element-48c27e28 elementor-section-boxed elementor-section-height-default elementor-section-height-default\" data-id=\"48c27e28\" data-element_type=\"section\" data-e-type=\"section\">\n\t\t\t\t\t\t<div class=\"elementor-container elementor-column-gap-default\">\n\t\t\t\t\t<div class=\"elementor-column elementor-col-100 elementor-top-column elementor-element elementor-element-767e4a61\" data-id=\"767e4a61\" data-element_type=\"column\" data-e-type=\"column\">\n\t\t\t<div class=\"elementor-widget-wrap elementor-element-populated\">\n\t\t\t\t\t\t<div class=\"elementor-element elementor-element-661bd7dc elementor-widget elementor-widget-text-editor\" data-id=\"661bd7dc\" data-element_type=\"widget\" data-e-type=\"widget\" data-widget_type=\"text-editor.default\">\n\t\t\t\t\t\t\t\t\t<h1 style=\"text-align: left;\"><b>\u00c9PH\u00c9M\u00c9RIDES ET CONG\u00c9S, saison 2025-2026<\/b><\/h1><p class=\"western\" lang=\"fr-FR\"><span style=\"font-family: Arial, sans-serif;\">Les \u00e9ph\u00e9m\u00e9rides, ainsi que les modifications \u00e9ventuelles, seront affich\u00e9es dans les halls d&rsquo;entr\u00e9e des deux salles.<\/span><\/p><p class=\"western\" lang=\"fr-FR\"><span style=\"font-family: Arial, sans-serif;\">Les <strong>cours reprennent d\u00e8s le lundi 25 ao\u00fbt 2025.<\/strong><\/span><\/p><p class=\"western\" lang=\"fr-FR\"><span style=\"font-family: Arial, sans-serif;\">Les\u00a0<\/span><span style=\"font-family: Arial, sans-serif;\"><b>cours sont suspendus<\/b><\/span><span style=\"font-family: Arial, sans-serif;\">\u00a0les jours f\u00e9ri\u00e9s et durant les vacances scolaires, \u00e0 savoir :<\/span><\/p><ul><li>le samedi 27 septembre 2025 (f\u00eate de la Communaut\u00e9 fran\u00e7aise),<\/li><li>du lundi 20 octobre 2025 au samedi 1 novembre 2025 (vacances d&rsquo;automne, de Toussaint),<\/li><li>le mardi 11 novembre 2025 (comm\u00e9moration du 11 novembre),<\/li><li>du lundi 22 d\u00e9cembre 2025 au samedi 3 janvier 2026 (vacances d&rsquo;hiver, de No\u00ebl),<\/li><li>du lundi 16 f\u00e9vrier 2026 au samedi 28 f\u00e9vrier 2026 (vacances de d\u00e9tente, de Carnaval),<\/li><li>le lundi 6 avril 2026 (lundi de P\u00e2ques),<\/li><li>du lundi 27 avril 2026 au\u00a0 samedi 9 mai 2026 (vacances de Printemps, de P\u00e2ques),<\/li><li>le jeudi 14 mai 2026 (jeudi de l&rsquo;Ascension),<\/li><li>le lundi 25 mai 2026 (lundi de Pentec\u00f4te),<\/li><li>du jeudi 25 juin 2026 au samedi 22\u00a0 ao\u00fbt 2026 (vacances d&rsquo;\u00e9t\u00e9).<\/li><\/ul><p class=\"western\" lang=\"fr-FR\"><span style=\"font-family: Arial, sans-serif;\"><span style=\"font-size: large;\"><u>Stages, tournois et championnats<\/u><\/span><\/span><\/p><p class=\"western\" lang=\"fr-FR\"><span style=\"font-family: Arial, sans-serif;\"><span style=\"font-size: medium;\">Voir les divers affichages dans les salles, les informations des moniteurs et les mises \u00e0 jour sur notre site www.dynamic-club.be<\/span><\/span><\/p>\t\t\t\t\t\t\t\t<\/div>\n\t\t\t\t\t<\/div>\n\t\t<\/div>\n\t\t\t\t\t<\/div>\n\t\t<\/section>\n\t\t\t\t<\/div>\n\t\t","protected":false},"excerpt":{"rendered":"<p>\u00c9PH\u00c9M\u00c9RIDES ET CONG\u00c9S, saison 2025-2026 Les \u00e9ph\u00e9m\u00e9rides, ainsi que les modifications \u00e9ventuelles, seront affich\u00e9es dans les halls d&rsquo;entr\u00e9e des deux salles. Les cours reprennent d\u00e8s le lundi 25 ao\u00fbt 2025. Les\u00a0cours sont suspendus\u00a0les jours f\u00e9ri\u00e9s et durant les vacances scolaires, \u00e0 savoir : le samedi 27 septembre 2025 (f\u00eate de la Communaut\u00e9 fran\u00e7aise), du lundi &hellip; <\/p>\n<p class=\"link-more\"><a href=\"https:\/\/www.dynamic-club.be\/site\/ephemerides-et-conges\/\" class=\"more-link\">Continuer la lecture<span class=\"screen-reader-text\"> de &laquo;&nbsp;\u00c9ph\u00e9m\u00e9rides et cong\u00e9s&nbsp;&raquo;<\/span><\/a><\/p>\n","protected":false},"author":2,"featured_media":0,"parent":0,"menu_order":0,"comment_status":"closed","ping_status":"closed","template":"","meta":{"ngg_post_thumbnail":0,"footnotes":""},"class_list":["post-368","page","type-page","status-publish","hentry"],"_links":{"self":[{"href":"https:\/\/www.dynamic-club.be\/site\/wp-json\/wp\/v2\/pages\/368","targetHints":{"allow":["GET"]}}],"collection":[{"href":"https:\/\/www.dynamic-club.be\/site\/wp-json\/wp\/v2\/pages"}],"about":[{"href":"https:\/\/www.dynamic-club.be\/site\/wp-json\/wp\/v2\/types\/page"}],"author":[{"embeddable":true,"href":"https:\/\/www.dynamic-club.be\/site\/wp-json\/wp\/v2\/users\/2"}],"replies":[{"embeddable":true,"href":"https:\/\/www.dynamic-club.be\/site\/wp-json\/wp\/v2\/comments?post=368"}],"version-history":[{"count":0,"href":"https:\/\/www.dynamic-club.be\/site\/wp-json\/wp\/v2\/pages\/368\/revisions"}],"wp:attachment":[{"href":"https:\/\/www.dynamic-club.be\/site\/wp-json\/wp\/v2\/media?parent=368"}],"curies":[{"name":"wp","href":"https:\/\/api.w.org\/{rel}","templated":true}]}}