{"id":297,"date":"2017-11-19T13:54:11","date_gmt":"2017-11-19T12:54:11","guid":{"rendered":"http:\/\/www.dynamic-club.be\/site\/?page_id=297"},"modified":"2025-12-15T10:16:00","modified_gmt":"2025-12-15T09:16:00","slug":"modern-jazz","status":"publish","type":"page","link":"https:\/\/www.dynamic-club.be\/site\/modern-jazz\/","title":{"rendered":"Page &#8211; Modern Jazz"},"content":{"rendered":"\t\t<div data-elementor-type=\"wp-page\" data-elementor-id=\"297\" class=\"elementor elementor-297\">\n\t\t\t\t\t\t<section class=\"elementor-section elementor-top-section elementor-element elementor-element-50568763 elementor-section-boxed elementor-section-height-default elementor-section-height-default\" data-id=\"50568763\" data-element_type=\"section\" data-e-type=\"section\">\n\t\t\t\t\t\t<div class=\"elementor-container elementor-column-gap-default\">\n\t\t\t\t\t<div class=\"elementor-column elementor-col-100 elementor-top-column elementor-element elementor-element-204b4ca5\" data-id=\"204b4ca5\" data-element_type=\"column\" data-e-type=\"column\">\n\t\t\t<div class=\"elementor-widget-wrap elementor-element-populated\">\n\t\t\t\t\t\t<div class=\"elementor-element elementor-element-4e077ac2 elementor-widget elementor-widget-text-editor\" data-id=\"4e077ac2\" data-element_type=\"widget\" data-e-type=\"widget\" data-widget_type=\"text-editor.default\">\n\t\t\t\t\t\t\t\t\t<h1><strong>Modern Jazz<br \/><\/strong><\/h1>\n<p><a href=\"https:\/\/www.dynamic-club.be\/site\/wp-content\/uploads\/2025\/12\/BrochureDynamicClub25-26.pdf\"><span style=\"color: #0000ff;\"><strong>T\u00e9l\u00e9chargez le programme Saison 2025-2026 du Dynamic Club<\/strong><\/span><\/a><\/p>\n<p class=\"base\">Chor\u00e9graphie, assouplissement, coordination, rythme&#8230;<br \/>Cette discipline se veut astreignante et exigeante, mais \u00e9galement attrayante et tellement divertissante.<br \/>Participation \u00e0 des d\u00e9monstrations en cours d&rsquo;ann\u00e9e.<\/p>\n<table class=\"tableau\" style=\"height: 127px; width: 100%;\" border=\"0\" width=\"100%\" cellspacing=\"0\" cellpadding=\"0\"><colgroup> <col width=\"45%\" \/> <col width=\"45%\" \/> <\/colgroup> <colgroup> <col \/><\/colgroup>\n<tbody>\n<tr style=\"height: 33px;\">\n<td style=\"width: 255px; height: 33px;\"><strong>\u00e2g\u00e9es de\u00a0<\/strong><\/td>\n<th style=\"width: 253px; height: 33px;\">\u00a0<\/th>\n<td style=\"width: 71px; height: 33px;\">\u00a0<\/td>\n<\/tr>\n<tr>\n<td style=\"width: 255px;\">10 ans et plus<\/td>\n<td style=\"width: 253px;\">Ma 19h00-20h30<\/td>\n<td style=\"width: 71px;\">MJAZZ1<\/td>\n<\/tr>\n<tr style=\"height: 34px;\">\n<td style=\"width: 255px; height: 34px;\">12 ans et plus<\/td>\n<td style=\"width: 253px; height: 34px;\">Ve 18h30-19h30<\/td>\n<td style=\"width: 71px; height: 34px;\">MJAZZ2<\/td>\n<\/tr>\n<tr>\n<td style=\"width: 255px;\">perfectionnement<\/td>\n<td style=\"width: 253px;\">Sa 10h00-11h30<\/td>\n<td style=\"width: 71px;\">MJAZZ3<\/td>\n<\/tr>\n<tr style=\"height: 25px;\">\n<td style=\"height: 27px; width: 255px; text-align: left;\" align=\"right\">12 ans et plus<\/td>\n<td style=\"height: 27px; width: 253px;\">Ve 19h30-20h30<\/td>\n<td style=\"width: 71px; height: 27px;\">HIPHOP<\/td>\n<\/tr>\n<\/tbody>\n<\/table>\n\t\t\t\t\t\t\t\t<\/div>\n\t\t\t\t\t<\/div>\n\t\t<\/div>\n\t\t\t\t\t<\/div>\n\t\t<\/section>\n\t\t\t\t<\/div>\n\t\t","protected":false},"excerpt":{"rendered":"<p>Modern Jazz T\u00e9l\u00e9chargez le programme Saison 2025-2026 du Dynamic Club Chor\u00e9graphie, assouplissement, coordination, rythme&#8230;Cette discipline se veut astreignante et exigeante, mais \u00e9galement attrayante et tellement divertissante.Participation \u00e0 des d\u00e9monstrations en cours d&rsquo;ann\u00e9e. \u00e2g\u00e9es de\u00a0 \u00a0 \u00a0 10 ans et plus Ma 19h00-20h30 MJAZZ1 12 ans et plus Ve 18h30-19h30 MJAZZ2 perfectionnement Sa 10h00-11h30 MJAZZ3 12 &hellip; <\/p>\n<p class=\"link-more\"><a href=\"https:\/\/www.dynamic-club.be\/site\/modern-jazz\/\" class=\"more-link\">Continuer la lecture<span class=\"screen-reader-text\"> de &laquo;&nbsp;Page &#8211; Modern Jazz&nbsp;&raquo;<\/span><\/a><\/p>\n","protected":false},"author":2,"featured_media":0,"parent":0,"menu_order":0,"comment_status":"closed","ping_status":"closed","template":"","meta":{"ngg_post_thumbnail":0,"footnotes":""},"class_list":["post-297","page","type-page","status-publish","hentry"],"_links":{"self":[{"href":"https:\/\/www.dynamic-club.be\/site\/wp-json\/wp\/v2\/pages\/297","targetHints":{"allow":["GET"]}}],"collection":[{"href":"https:\/\/www.dynamic-club.be\/site\/wp-json\/wp\/v2\/pages"}],"about":[{"href":"https:\/\/www.dynamic-club.be\/site\/wp-json\/wp\/v2\/types\/page"}],"author":[{"embeddable":true,"href":"https:\/\/www.dynamic-club.be\/site\/wp-json\/wp\/v2\/users\/2"}],"replies":[{"embeddable":true,"href":"https:\/\/www.dynamic-club.be\/site\/wp-json\/wp\/v2\/comments?post=297"}],"version-history":[{"count":0,"href":"https:\/\/www.dynamic-club.be\/site\/wp-json\/wp\/v2\/pages\/297\/revisions"}],"wp:attachment":[{"href":"https:\/\/www.dynamic-club.be\/site\/wp-json\/wp\/v2\/media?parent=297"}],"curies":[{"name":"wp","href":"https:\/\/api.w.org\/{rel}","templated":true}]}}