{"id":295,"date":"2017-11-19T13:53:50","date_gmt":"2017-11-19T12:53:50","guid":{"rendered":"http:\/\/www.dynamic-club.be\/site\/?page_id=295"},"modified":"2025-12-15T10:17:34","modified_gmt":"2025-12-15T09:17:34","slug":"psychomotricite","status":"publish","type":"page","link":"https:\/\/www.dynamic-club.be\/site\/psychomotricite\/","title":{"rendered":"Page &#8211; Psychomotricit\u00e9"},"content":{"rendered":"\t\t<div data-elementor-type=\"wp-page\" data-elementor-id=\"295\" class=\"elementor elementor-295\">\n\t\t\t\t\t\t<section class=\"elementor-section elementor-top-section elementor-element elementor-element-1a799c7a elementor-section-boxed elementor-section-height-default elementor-section-height-default\" data-id=\"1a799c7a\" data-element_type=\"section\" data-e-type=\"section\">\n\t\t\t\t\t\t<div class=\"elementor-container elementor-column-gap-default\">\n\t\t\t\t\t<div class=\"elementor-column elementor-col-100 elementor-top-column elementor-element elementor-element-6be6c3ad\" data-id=\"6be6c3ad\" data-element_type=\"column\" data-e-type=\"column\">\n\t\t\t<div class=\"elementor-widget-wrap elementor-element-populated\">\n\t\t\t\t\t\t<div class=\"elementor-element elementor-element-2aaf8de5 elementor-widget elementor-widget-text-editor\" data-id=\"2aaf8de5\" data-element_type=\"widget\" data-e-type=\"widget\" data-widget_type=\"text-editor.default\">\n\t\t\t\t\t\t\t\t\t<h1><strong>Psychomotricit\u00e9<\/strong><\/h1><div><a href=\"https:\/\/www.dynamic-club.be\/site\/wp-content\/uploads\/2025\/12\/BrochureDynamicClub25-26.pdf\"><span style=\"color: #0000ff;\"><strong>T\u00e9l\u00e9chargez le programme Saison 2025-2026 du Dynamic Club<\/strong><\/span><\/a><br \/><strong><br \/><\/strong><\/div><p class=\"base\">Forme d&rsquo;\u00e9ducation physique, de gymnastique o\u00f9 l&rsquo;accent est mis sur le d\u00e9veloppement des fonctions perceptives en relation \u00e9troite avec les fonctions mentales.<br \/>Ces cours pr\u00e9parent directement \u00e0 l&rsquo;initiation \u00e0 tous les sports et \u00e0 la gymnastique en particulier.<\/p><table class=\"tableau\" border=\"0\" width=\"420\" cellspacing=\"0\" cellpadding=\"0\"><colgroup> <col width=\"40%\" \/> <col width=\"35%\" \/> <\/colgroup> <colgroup> <col \/><\/colgroup><tbody><tr><th>n\u00e9s en<\/th><th>mixte<\/th><td>\u00a0<\/td><\/tr><tr><td>2022 \u00e9veil gymnique<\/td><td>Me 13h45-14h30<\/td><td>PSY1<\/td><\/tr><tr><td>2021 \u00e9veil gymnique<\/td><td>Me 14h30-15h30<\/td><td>PSY2<\/td><\/tr><tr><td>2020 \u00e9veil gymnique<\/td><td>Me 15h30-16h30<\/td><td>PSY3<\/td><\/tr><\/tbody><\/table>\t\t\t\t\t\t\t\t<\/div>\n\t\t\t\t\t<\/div>\n\t\t<\/div>\n\t\t\t\t\t<\/div>\n\t\t<\/section>\n\t\t\t\t<\/div>\n\t\t","protected":false},"excerpt":{"rendered":"<p>Psychomotricit\u00e9 T\u00e9l\u00e9chargez le programme Saison 2025-2026 du Dynamic Club Forme d&rsquo;\u00e9ducation physique, de gymnastique o\u00f9 l&rsquo;accent est mis sur le d\u00e9veloppement des fonctions perceptives en relation \u00e9troite avec les fonctions mentales.Ces cours pr\u00e9parent directement \u00e0 l&rsquo;initiation \u00e0 tous les sports et \u00e0 la gymnastique en particulier. n\u00e9s en mixte \u00a0 2022 \u00e9veil gymnique Me 13h45-14h30 &hellip; <\/p>\n<p class=\"link-more\"><a href=\"https:\/\/www.dynamic-club.be\/site\/psychomotricite\/\" class=\"more-link\">Continuer la lecture<span class=\"screen-reader-text\"> de &laquo;&nbsp;Page &#8211; Psychomotricit\u00e9&nbsp;&raquo;<\/span><\/a><\/p>\n","protected":false},"author":2,"featured_media":0,"parent":0,"menu_order":0,"comment_status":"closed","ping_status":"closed","template":"","meta":{"ngg_post_thumbnail":0,"footnotes":""},"class_list":["post-295","page","type-page","status-publish","hentry"],"_links":{"self":[{"href":"https:\/\/www.dynamic-club.be\/site\/wp-json\/wp\/v2\/pages\/295","targetHints":{"allow":["GET"]}}],"collection":[{"href":"https:\/\/www.dynamic-club.be\/site\/wp-json\/wp\/v2\/pages"}],"about":[{"href":"https:\/\/www.dynamic-club.be\/site\/wp-json\/wp\/v2\/types\/page"}],"author":[{"embeddable":true,"href":"https:\/\/www.dynamic-club.be\/site\/wp-json\/wp\/v2\/users\/2"}],"replies":[{"embeddable":true,"href":"https:\/\/www.dynamic-club.be\/site\/wp-json\/wp\/v2\/comments?post=295"}],"version-history":[{"count":0,"href":"https:\/\/www.dynamic-club.be\/site\/wp-json\/wp\/v2\/pages\/295\/revisions"}],"wp:attachment":[{"href":"https:\/\/www.dynamic-club.be\/site\/wp-json\/wp\/v2\/media?parent=295"}],"curies":[{"name":"wp","href":"https:\/\/api.w.org\/{rel}","templated":true}]}}