{"id":292,"date":"2017-11-19T13:53:07","date_gmt":"2017-11-19T12:53:07","guid":{"rendered":"http:\/\/www.dynamic-club.be\/site\/?page_id=292"},"modified":"2026-01-13T15:48:23","modified_gmt":"2026-01-13T14:48:23","slug":"tennis-3","status":"publish","type":"page","link":"https:\/\/www.dynamic-club.be\/site\/tennis-3\/","title":{"rendered":"Page &#8211; Tennis"},"content":{"rendered":"\t\t<div data-elementor-type=\"wp-page\" data-elementor-id=\"292\" class=\"elementor elementor-292\">\n\t\t\t\t\t\t<section class=\"elementor-section elementor-top-section elementor-element elementor-element-7e05092a elementor-section-boxed elementor-section-height-default elementor-section-height-default\" data-id=\"7e05092a\" data-element_type=\"section\" data-e-type=\"section\">\n\t\t\t\t\t\t<div class=\"elementor-container elementor-column-gap-default\">\n\t\t\t\t\t<div class=\"elementor-column elementor-col-100 elementor-top-column elementor-element elementor-element-6ca4c826\" data-id=\"6ca4c826\" data-element_type=\"column\" data-e-type=\"column\">\n\t\t\t<div class=\"elementor-widget-wrap elementor-element-populated\">\n\t\t\t\t\t\t<div class=\"elementor-element elementor-element-3723bb2a elementor-widget elementor-widget-text-editor\" data-id=\"3723bb2a\" data-element_type=\"widget\" data-e-type=\"widget\" data-widget_type=\"text-editor.default\">\n\t\t\t\t\t\t\t\t\t<h1><strong>Tennis<\/strong><\/h1>\n<p><a href=\"https:\/\/www.dynamic-club.be\/site\/wp-content\/uploads\/2025\/12\/BrochureDynamicClub25-26.pdf\"><span style=\"color: #0000ff;\"><strong>T\u00e9l\u00e9chargez le programme Saison 2025-2026 du Dynamic Club<\/strong><\/span><\/a><\/p>\n<p class=\"base\">Le\u00e7ons donn\u00e9es \u00e0 un nombre limit\u00e9 d&rsquo;\u00e9l\u00e8ves. Participation aux tournois du Club. Deux terrains, lance-balles.<br \/>L&rsquo;avis du moniteur est prioritaire quant au choix du groupe. Pour les nouveaux, un petit test \u00e0 l&rsquo;inscription permettra de situer le niveau.<\/p>\n<table class=\"tableau\" border=\"0\" width=\"450\" cellspacing=\"0\" cellpadding=\"0\"><colgroup> <col width=\"50%\" \/> <col width=\"40%\" \/> <\/colgroup> <colgroup> <col \/><\/colgroup>\n<tbody>\n<tr>\n<td>\u00a0<\/td>\n<th>mixtes<\/th>\n<td>\u00a0<\/td>\n<\/tr>\n<tr>\n<td>Tennis adultes &#8211; 6 \u00e9l\u00e8ves<\/td>\n<td>\u00a0<\/td>\n<td>\u00a0<\/td>\n<\/tr>\n<tr>\n<td>\u00a0<\/td>\n<td>Ve 18h30-19h30<\/td>\n<td>T6.1<\/td>\n<\/tr>\n<tr>\n<td>\u00a0<\/td>\n<td>Ve\u00a0 19h30-20h30<\/td>\n<td>TA3<\/td>\n<\/tr>\n<tr>\n<td>\u00a0<\/td>\n<td>Sa\u00a0 14h00-15h00<\/td>\n<td>TA1<\/td>\n<\/tr>\n<tr>\n<td>\u00a0<\/td>\n<td>Sa\u00a0 15h00-16h00<\/td>\n<td>TA2<\/td>\n<\/tr>\n<\/tbody>\n<\/table>\n\t\t\t\t\t\t\t\t<\/div>\n\t\t\t\t\t<\/div>\n\t\t<\/div>\n\t\t\t\t\t<\/div>\n\t\t<\/section>\n\t\t\t\t<\/div>\n\t\t","protected":false},"excerpt":{"rendered":"<p>Tennis T\u00e9l\u00e9chargez le programme Saison 2025-2026 du Dynamic Club Le\u00e7ons donn\u00e9es \u00e0 un nombre limit\u00e9 d&rsquo;\u00e9l\u00e8ves. Participation aux tournois du Club. Deux terrains, lance-balles.L&rsquo;avis du moniteur est prioritaire quant au choix du groupe. Pour les nouveaux, un petit test \u00e0 l&rsquo;inscription permettra de situer le niveau. \u00a0 mixtes \u00a0 Tennis adultes &#8211; 6 \u00e9l\u00e8ves \u00a0 &hellip; <\/p>\n<p class=\"link-more\"><a href=\"https:\/\/www.dynamic-club.be\/site\/tennis-3\/\" class=\"more-link\">Continuer la lecture<span class=\"screen-reader-text\"> de &laquo;&nbsp;Page &#8211; Tennis&nbsp;&raquo;<\/span><\/a><\/p>\n","protected":false},"author":2,"featured_media":0,"parent":0,"menu_order":0,"comment_status":"closed","ping_status":"closed","template":"","meta":{"ngg_post_thumbnail":0,"footnotes":""},"class_list":["post-292","page","type-page","status-publish","hentry"],"_links":{"self":[{"href":"https:\/\/www.dynamic-club.be\/site\/wp-json\/wp\/v2\/pages\/292","targetHints":{"allow":["GET"]}}],"collection":[{"href":"https:\/\/www.dynamic-club.be\/site\/wp-json\/wp\/v2\/pages"}],"about":[{"href":"https:\/\/www.dynamic-club.be\/site\/wp-json\/wp\/v2\/types\/page"}],"author":[{"embeddable":true,"href":"https:\/\/www.dynamic-club.be\/site\/wp-json\/wp\/v2\/users\/2"}],"replies":[{"embeddable":true,"href":"https:\/\/www.dynamic-club.be\/site\/wp-json\/wp\/v2\/comments?post=292"}],"version-history":[{"count":0,"href":"https:\/\/www.dynamic-club.be\/site\/wp-json\/wp\/v2\/pages\/292\/revisions"}],"wp:attachment":[{"href":"https:\/\/www.dynamic-club.be\/site\/wp-json\/wp\/v2\/media?parent=292"}],"curies":[{"name":"wp","href":"https:\/\/api.w.org\/{rel}","templated":true}]}}