{"id":290,"date":"2017-11-19T13:52:45","date_gmt":"2017-11-19T12:52:45","guid":{"rendered":"http:\/\/www.dynamic-club.be\/site\/?page_id=290"},"modified":"2025-12-15T10:11:23","modified_gmt":"2025-12-15T09:11:23","slug":"gymnastique-de-demonstration-air-track-acro","status":"publish","type":"page","link":"https:\/\/www.dynamic-club.be\/site\/gymnastique-de-demonstration-air-track-acro\/","title":{"rendered":"Page &#8211; Gymnastique de d\u00e9monstration | Air track"},"content":{"rendered":"\t\t<div data-elementor-type=\"wp-page\" data-elementor-id=\"290\" class=\"elementor elementor-290\">\n\t\t\t\t\t\t<section class=\"elementor-section elementor-top-section elementor-element elementor-element-f9aac7f elementor-section-boxed elementor-section-height-default elementor-section-height-default\" data-id=\"f9aac7f\" data-element_type=\"section\" data-e-type=\"section\">\n\t\t\t\t\t\t<div class=\"elementor-container elementor-column-gap-default\">\n\t\t\t\t\t<div class=\"elementor-column elementor-col-100 elementor-top-column elementor-element elementor-element-6c0b789f\" data-id=\"6c0b789f\" data-element_type=\"column\" data-e-type=\"column\">\n\t\t\t<div class=\"elementor-widget-wrap elementor-element-populated\">\n\t\t\t\t\t\t<div class=\"elementor-element elementor-element-2dd1084b elementor-widget elementor-widget-text-editor\" data-id=\"2dd1084b\" data-element_type=\"widget\" data-e-type=\"widget\" data-widget_type=\"text-editor.default\">\n\t\t\t\t\t\t\t\t\t<h1><strong>Gymnastique de d\u00e9monstration | Air track\u00a0<\/strong><\/h1>\n<p><a href=\"https:\/\/www.dynamic-club.be\/site\/wp-content\/uploads\/2025\/12\/BrochureDynamicClub25-26.pdf\"><strong><span style=\"color: #0000ff;\">T\u00e9l\u00e9chargez le programme Saison 2025-2026 du Dynamic Club<\/span><\/strong><\/a><\/p>\n<table style=\"width: 100%; border-collapse: collapse; background-color: #757575;\" border=\"1\">\n<tbody>\n<tr>\n<td style=\"width: 100%; text-align: center;\"><span style=\"color: #ffffff;\"><strong>AIR TRACK<\/strong><\/span><\/td>\n<\/tr>\n<\/tbody>\n<\/table>\n<p class=\"titres\" style=\"text-align: left;\">Initiation et perfectionnement en technique acrobatique, principalement sur air track et trampoline. Ce cours s\u2019inscrit dans la fili\u00e8re \u00ab Gym Pour Tous \u00bb de la FfG. Il a pour objectif la participation \u00e0 diff\u00e9rentes d\u00e9monstrations (Eurogym, Rallye d\u00e9mo, f\u00eate de club, \u00e9v\u00e9nements sportifs\u2026).\u00a0<\/p>\n<table style=\"width: 100%; border-collapse: collapse;\">\n<tbody>\n<tr>\n<td style=\"width: 33.3333%;\"><strong>n\u00e9\u00b7es<\/strong>\u00a0<\/td>\n<td style=\"width: 33.3333%; text-align: center;\"><strong>mixte<\/strong><\/td>\n<td style=\"width: 33.3333%;\">\u00a0<\/td>\n<\/tr>\n<tr>\n<td style=\"width: 33.3333%;\">2015 et avant<\/td>\n<td style=\"width: 33.3333%;\">Sa 13h00-15h00<\/td>\n<td style=\"width: 33.3333%; text-align: center;\">RTRACK<\/td>\n<\/tr>\n<\/tbody>\n<\/table>\n<p class=\"titres\" style=\"text-align: center;\">\u00a0<\/p>\n<p>\u00a0<\/p>\n<p class=\"titres\" style=\"text-align: left;\">\u00a0<\/p>\n\t\t\t\t\t\t\t\t<\/div>\n\t\t\t\t\t<\/div>\n\t\t<\/div>\n\t\t\t\t\t<\/div>\n\t\t<\/section>\n\t\t\t\t<\/div>\n\t\t","protected":false},"excerpt":{"rendered":"<p>Gymnastique de d\u00e9monstration | Air track\u00a0 T\u00e9l\u00e9chargez le programme Saison 2025-2026 du Dynamic Club AIR TRACK Initiation et perfectionnement en technique acrobatique, principalement sur air track et trampoline. Ce cours s\u2019inscrit dans la fili\u00e8re \u00ab Gym Pour Tous \u00bb de la FfG. Il a pour objectif la participation \u00e0 diff\u00e9rentes d\u00e9monstrations (Eurogym, Rallye d\u00e9mo, f\u00eate &hellip; <\/p>\n<p class=\"link-more\"><a href=\"https:\/\/www.dynamic-club.be\/site\/gymnastique-de-demonstration-air-track-acro\/\" class=\"more-link\">Continuer la lecture<span class=\"screen-reader-text\"> de &laquo;&nbsp;Page &#8211; Gymnastique de d\u00e9monstration | Air track&nbsp;&raquo;<\/span><\/a><\/p>\n","protected":false},"author":2,"featured_media":0,"parent":0,"menu_order":0,"comment_status":"closed","ping_status":"closed","template":"","meta":{"ngg_post_thumbnail":0,"footnotes":""},"class_list":["post-290","page","type-page","status-publish","hentry"],"_links":{"self":[{"href":"https:\/\/www.dynamic-club.be\/site\/wp-json\/wp\/v2\/pages\/290","targetHints":{"allow":["GET"]}}],"collection":[{"href":"https:\/\/www.dynamic-club.be\/site\/wp-json\/wp\/v2\/pages"}],"about":[{"href":"https:\/\/www.dynamic-club.be\/site\/wp-json\/wp\/v2\/types\/page"}],"author":[{"embeddable":true,"href":"https:\/\/www.dynamic-club.be\/site\/wp-json\/wp\/v2\/users\/2"}],"replies":[{"embeddable":true,"href":"https:\/\/www.dynamic-club.be\/site\/wp-json\/wp\/v2\/comments?post=290"}],"version-history":[{"count":0,"href":"https:\/\/www.dynamic-club.be\/site\/wp-json\/wp\/v2\/pages\/290\/revisions"}],"wp:attachment":[{"href":"https:\/\/www.dynamic-club.be\/site\/wp-json\/wp\/v2\/media?parent=290"}],"curies":[{"name":"wp","href":"https:\/\/api.w.org\/{rel}","templated":true}]}}