{"id":288,"date":"2017-11-19T13:51:30","date_gmt":"2017-11-19T12:51:30","guid":{"rendered":"http:\/\/www.dynamic-club.be\/site\/?page_id=288"},"modified":"2025-12-15T10:13:49","modified_gmt":"2025-12-15T09:13:49","slug":"gymnastique-rythmique","status":"publish","type":"page","link":"https:\/\/www.dynamic-club.be\/site\/gymnastique-rythmique\/","title":{"rendered":"Page &#8211; Gymnastique Rythmique"},"content":{"rendered":"\t\t<div data-elementor-type=\"wp-page\" data-elementor-id=\"288\" class=\"elementor elementor-288\">\n\t\t\t\t\t\t<section class=\"elementor-section elementor-top-section elementor-element elementor-element-4479147 elementor-section-boxed elementor-section-height-default elementor-section-height-default\" data-id=\"4479147\" data-element_type=\"section\" data-e-type=\"section\">\n\t\t\t\t\t\t<div class=\"elementor-container elementor-column-gap-default\">\n\t\t\t\t\t<div class=\"elementor-column elementor-col-100 elementor-top-column elementor-element elementor-element-6e9854e4\" data-id=\"6e9854e4\" data-element_type=\"column\" data-e-type=\"column\">\n\t\t\t<div class=\"elementor-widget-wrap elementor-element-populated\">\n\t\t\t\t\t\t<div class=\"elementor-element elementor-element-3cc645d4 elementor-widget elementor-widget-text-editor\" data-id=\"3cc645d4\" data-element_type=\"widget\" data-e-type=\"widget\" data-widget_type=\"text-editor.default\">\n\t\t\t\t\t\t\t\t\t<h1><strong>Gymnastique Rythmique<\/strong><\/h1><div><strong><span style=\"color: #0000ff;\"><a href=\"https:\/\/www.dynamic-club.be\/site\/wp-content\/uploads\/2025\/12\/BrochureDynamicClub25-26.pdf\">T\u00e9l\u00e9chargez le programme Saison 2025-2026 du Dynamic Club<\/a><\/span><\/strong><\/div><div>\u00a0<\/div><p class=\"base\">Pas de comp\u00e9titions, uniquement quelques d\u00e9monstrations pendant l&rsquo;ann\u00e9e, chaque \u00e9l\u00e8ve \u00e9volue \u00e0 son rythme.<br \/>Cinq engins sont travaill\u00e9s : ballon, cerceau, corde, ruban et massues. Une partie \u00ab\u00a0sans engin\u00a0\u00bb est \u00e9galement pr\u00e9vue et sera consacr\u00e9e \u00e0 la chor\u00e9graphie.\u00a0<\/p><table class=\"tableau\" style=\"height: 295px; width: 100%;\" border=\"0\" width=\"100%\" cellspacing=\"0\" cellpadding=\"0\"><colgroup> <col width=\"45%\" \/> <col width=\"40%\" \/> <\/colgroup> <colgroup> <col \/><\/colgroup><tbody><tr style=\"height: 26px;\"><th style=\"width: 44.8276%; height: 26px;\">n\u00e9es en<\/th><th style=\"width: 39.8276%; height: 26px;\">\u00a0<\/th><td style=\"width: 15.1724%; height: 26px;\">\u00a0<\/td><\/tr><tr style=\"height: 26px;\"><td style=\"width: 44.8276%; height: 26px;\">2019-2017<\/td><td style=\"width: 39.8276%; height: 26px;\">Lu\u00a0 \u00a017h30-19h00<\/td><td style=\"width: 15.1724%; height: 26px;\">GR1.1<\/td><\/tr><tr style=\"height: 26px;\"><td style=\"width: 44.8276%; height: 26px;\">\u00a0<\/td><td style=\"width: 39.8276%; height: 26px;\">Sa\u00a0 \u00a0 9h30-11h00<\/td><td style=\"width: 15.1724%; height: 26px;\">GR1.2<\/td><\/tr><tr style=\"height: 26px;\"><td style=\"width: 44.8276%; height: 26px;\">\u00a0<\/td><td style=\"width: 39.8276%; height: 26px;\">\u00a0<\/td><td style=\"width: 15.1724%; height: 26px;\">\u00a0<\/td><\/tr><tr style=\"height: 26px;\"><td style=\"width: 44.8276%; height: 26px;\">2016-2014<\/td><td style=\"width: 39.8276%; height: 26px;\">Lu\u00a0 17h30-19h00<\/td><td style=\"width: 15.1724%; height: 26px;\">GR2.1<\/td><\/tr><tr style=\"height: 26px;\"><td style=\"width: 44.8276%; height: 26px;\">\u00a0<\/td><td style=\"width: 39.8276%; height: 26px;\">Sa\u00a0 9h30-11h00<\/td><td style=\"width: 15.1724%; height: 26px;\">GR2.2<\/td><\/tr><tr><td style=\"width: 44.8276%;\">\u00a0<\/td><td style=\"width: 39.8276%;\">\u00a0<\/td><td style=\"width: 15.1724%;\">\u00a0<\/td><\/tr><tr style=\"height: 26px;\"><td style=\"width: 44.8276%; height: 26px;\">2013 et avant<\/td><td style=\"width: 39.8276%; height: 26px;\">Sa 9h30-11h00<\/td><td style=\"width: 15.1724%; height: 26px;\">GR3.1<\/td><\/tr><tr><td style=\"width: 44.8276%;\">\u00a0<\/td><td style=\"width: 39.8276%;\">\u00a0<\/td><td style=\"width: 15.1724%;\">\u00a0<\/td><\/tr><tr><td style=\"width: 44.8276%;\">2013 et avant<\/td><td style=\"width: 39.8276%;\">\u00a0<\/td><td style=\"width: 15.1724%;\">\u00a0<\/td><\/tr><tr><td style=\"width: 44.8276%; text-align: center;\">Sur s\u00e9lection<\/td><td style=\"width: 39.8276%;\">Me 18h00-20h00<\/td><td style=\"width: 15.1724%;\">GREURO<\/td><\/tr><tr style=\"height: 26px;\"><td style=\"width: 44.8276%; height: 26px; text-align: center;\">Sur s\u00e9lection<\/td><td style=\"width: 39.8276%; height: 26px;\">Sa 11h00-13h00<\/td><td style=\"width: 15.1724%; height: 26px;\">GR3.2<\/td><\/tr><\/tbody><\/table>\t\t\t\t\t\t\t\t<\/div>\n\t\t\t\t\t<\/div>\n\t\t<\/div>\n\t\t\t\t\t<\/div>\n\t\t<\/section>\n\t\t\t\t<\/div>\n\t\t","protected":false},"excerpt":{"rendered":"<p>Gymnastique Rythmique T\u00e9l\u00e9chargez le programme Saison 2025-2026 du Dynamic Club\u00a0 Pas de comp\u00e9titions, uniquement quelques d\u00e9monstrations pendant l&rsquo;ann\u00e9e, chaque \u00e9l\u00e8ve \u00e9volue \u00e0 son rythme.Cinq engins sont travaill\u00e9s : ballon, cerceau, corde, ruban et massues. Une partie \u00ab\u00a0sans engin\u00a0\u00bb est \u00e9galement pr\u00e9vue et sera consacr\u00e9e \u00e0 la chor\u00e9graphie.\u00a0 n\u00e9es en \u00a0 \u00a0 2019-2017 Lu\u00a0 \u00a017h30-19h00 GR1.1 &hellip; <\/p>\n<p class=\"link-more\"><a href=\"https:\/\/www.dynamic-club.be\/site\/gymnastique-rythmique\/\" class=\"more-link\">Continuer la lecture<span class=\"screen-reader-text\"> de &laquo;&nbsp;Page &#8211; Gymnastique Rythmique&nbsp;&raquo;<\/span><\/a><\/p>\n","protected":false},"author":2,"featured_media":0,"parent":0,"menu_order":0,"comment_status":"closed","ping_status":"closed","template":"","meta":{"ngg_post_thumbnail":0,"footnotes":""},"class_list":["post-288","page","type-page","status-publish","hentry"],"_links":{"self":[{"href":"https:\/\/www.dynamic-club.be\/site\/wp-json\/wp\/v2\/pages\/288","targetHints":{"allow":["GET"]}}],"collection":[{"href":"https:\/\/www.dynamic-club.be\/site\/wp-json\/wp\/v2\/pages"}],"about":[{"href":"https:\/\/www.dynamic-club.be\/site\/wp-json\/wp\/v2\/types\/page"}],"author":[{"embeddable":true,"href":"https:\/\/www.dynamic-club.be\/site\/wp-json\/wp\/v2\/users\/2"}],"replies":[{"embeddable":true,"href":"https:\/\/www.dynamic-club.be\/site\/wp-json\/wp\/v2\/comments?post=288"}],"version-history":[{"count":0,"href":"https:\/\/www.dynamic-club.be\/site\/wp-json\/wp\/v2\/pages\/288\/revisions"}],"wp:attachment":[{"href":"https:\/\/www.dynamic-club.be\/site\/wp-json\/wp\/v2\/media?parent=288"}],"curies":[{"name":"wp","href":"https:\/\/api.w.org\/{rel}","templated":true}]}}