{"id":286,"date":"2017-11-19T13:51:08","date_gmt":"2017-11-19T12:51:08","guid":{"rendered":"http:\/\/www.dynamic-club.be\/site\/?page_id=286"},"modified":"2025-12-15T10:10:22","modified_gmt":"2025-12-15T09:10:22","slug":"gymnastique-artistique-de-competition","status":"publish","type":"page","link":"https:\/\/www.dynamic-club.be\/site\/gymnastique-artistique-de-competition\/","title":{"rendered":"Page &#8211; Gymnastique Artistique de Comp\u00e9tition"},"content":{"rendered":"\t\t<div data-elementor-type=\"wp-post\" data-elementor-id=\"286\" class=\"elementor elementor-286\">\n\t\t\t\t\t\t<section class=\"elementor-section elementor-top-section elementor-element elementor-element-30292ca8 elementor-section-boxed elementor-section-height-default elementor-section-height-default\" data-id=\"30292ca8\" data-element_type=\"section\" data-e-type=\"section\">\n\t\t\t\t\t\t<div class=\"elementor-container elementor-column-gap-default\">\n\t\t\t\t\t<div class=\"elementor-column elementor-col-100 elementor-top-column elementor-element elementor-element-218116e3\" data-id=\"218116e3\" data-element_type=\"column\" data-e-type=\"column\">\n\t\t\t<div class=\"elementor-widget-wrap elementor-element-populated\">\n\t\t\t\t\t\t<div class=\"elementor-element elementor-element-5c7a6042 elementor-widget elementor-widget-text-editor\" data-id=\"5c7a6042\" data-element_type=\"widget\" data-e-type=\"widget\" data-widget_type=\"text-editor.default\">\n\t\t\t\t\t\t\t\t\t<h1><strong>Gymnastique Artistique de Comp\u00e9tition<\/strong><\/h1><p><a href=\"https:\/\/www.dynamic-club.be\/site\/wp-content\/uploads\/2025\/12\/BrochureDynamicClub25-26.pdf\"><span style=\"color: #0000ff;\"><strong>T\u00e9l\u00e9chargez le programme Saison 2025-2026 du Dynamic Club<\/strong><\/span><\/a><\/p><p class=\"base\">Entrainement sp\u00e9cifique, s&rsquo;adressant aux gymnastes ayant atteint un certain niveau et qui d\u00e9sirent se perfectionner\u00a0<b>en vue des comp\u00e9titions<\/b>.<br \/>Les groupes sont d\u00e9finis par les moniteurs en fonction de l&rsquo;\u00e2ge et des niveaux travaill\u00e9s.<br \/>La participation \u00e0 tous les entra\u00eenements est obligatoire.<\/p><table class=\"tableau\" style=\"height: 301px; font-size: 1rem; width: 100%;\" border=\"0\" width=\"100%\" cellspacing=\"0\" cellpadding=\"0\"><colgroup> <col width=\"40%\" \/> <col width=\"45%\" \/> <\/colgroup> <colgroup> <col \/><\/colgroup><tbody><tr style=\"height: 25px;\"><th style=\"height: 25px; width: 39.749%;\">\u00a0<\/th><th style=\"height: 25px; width: 44.7699%;\">F\u00e9minine<\/th><td style=\"height: 25px; width: 15.272%;\">\u00a0<\/td><\/tr><tr style=\"height: 36px;\"><td style=\"width: 39.749%; height: 36px;\"><strong>Programme Jeunes B (5h)\u00a0<\/strong><\/td><td style=\"width: 44.7699%; height: 36px;\">\u00a0<\/td><td style=\"width: 15.272%; height: 36px;\">\u00a0<\/td><\/tr><tr style=\"height: 26px;\"><td style=\"width: 39.749%; height: 26px;\"><strong>Sur s\u00e9lection<\/strong><\/td><td style=\"width: 44.7699%; height: 26px;\">\u00a0<\/td><td style=\"width: 15.272%; height: 26px;\"><strong>\u00a0<\/strong><\/td><\/tr><tr style=\"height: 25px;\"><td style=\"height: 25px; width: 39.749%;\">\u00a0n\u00e9es en 2017-2016<\/td><td style=\"height: 25px; width: 44.7699%;\">\u00a0<\/td><td style=\"height: 25px; width: 15.272%;\">\u00a0<\/td><\/tr><tr style=\"height: 26px;\"><td style=\"height: 26px;\" colspan=\"2\"><strong>Programme Division 6 (5h)<\/strong><\/td><td style=\"width: 15.272%; height: 26px;\">\u00a0<\/td><\/tr><tr><td style=\"width: 84.5189%;\" colspan=\"2\"><strong>Sur s\u00e9lection<\/strong><\/td><td style=\"width: 15.272%;\">\u00a0<\/td><\/tr><tr style=\"height: 25px;\"><td style=\"height: 25px; width: 39.749%;\">n\u00e9es en 2015 et avant<\/td><td style=\"height: 25px; width: 44.7699%;\">Ma 17h00-19h30<\/td><td style=\"height: 25px; width: 15.272%;\"><strong>GAFC1<\/strong><\/td><\/tr><tr style=\"height: 26px;\"><td style=\"width: 39.749%; height: 26px;\">\u00a0<\/td><td style=\"width: 44.7699%; height: 26px;\">Je\u00a0 \u00a017h00-19h30<\/td><td style=\"width: 15.272%; height: 26px;\">\u00a0<\/td><\/tr><tr style=\"height: 25px;\"><td style=\"height: 25px; width: 99.7909%;\" colspan=\"3\"><strong>Programme Division 5 et 4 (8h)<\/strong><\/td><\/tr><tr style=\"height: 26px;\"><td style=\"width: 99.7909%; height: 26px;\" colspan=\"3\"><strong>Sur s\u00e9lection<\/strong><\/td><\/tr><tr style=\"height: 25px;\"><td style=\"height: 25px; width: 39.749%;\">n\u00e9es en 2015 et avant<\/td><td style=\"height: 25px; width: 44.7699%;\">Ma 17h00-19h30<\/td><td style=\"height: 25px; width: 15.272%;\"><strong>GAFC2<\/strong><\/td><\/tr><tr style=\"height: 26px;\"><td style=\"width: 39.749%; height: 26px;\">\u00a0<\/td><td style=\"width: 44.7699%; height: 26px;\">Je\u00a0 \u00a017h00-19h30<\/td><td style=\"width: 15.272%; height: 26px;\">\u00a0<\/td><\/tr><tr><td style=\"width: 39.749%;\">\u00a0<\/td><td style=\"width: 44.7699%;\">Sa\u00a0 13h00-16h00<\/td><td style=\"width: 15.272%;\">\u00a0<\/td><\/tr><\/tbody><\/table>\t\t\t\t\t\t\t\t<\/div>\n\t\t\t\t\t<\/div>\n\t\t<\/div>\n\t\t\t\t\t<\/div>\n\t\t<\/section>\n\t\t\t\t<\/div>\n\t\t","protected":false},"excerpt":{"rendered":"<p>Gymnastique Artistique de Comp\u00e9tition T\u00e9l\u00e9chargez le programme Saison 2025-2026 du Dynamic Club Entrainement sp\u00e9cifique, s&rsquo;adressant aux gymnastes ayant atteint un certain niveau et qui d\u00e9sirent se perfectionner\u00a0en vue des comp\u00e9titions.Les groupes sont d\u00e9finis par les moniteurs en fonction de l&rsquo;\u00e2ge et des niveaux travaill\u00e9s.La participation \u00e0 tous les entra\u00eenements est obligatoire. \u00a0 F\u00e9minine \u00a0 Programme &hellip; <\/p>\n<p class=\"link-more\"><a href=\"https:\/\/www.dynamic-club.be\/site\/gymnastique-artistique-de-competition\/\" class=\"more-link\">Continuer la lecture<span class=\"screen-reader-text\"> de &laquo;&nbsp;Page &#8211; Gymnastique Artistique de Comp\u00e9tition&nbsp;&raquo;<\/span><\/a><\/p>\n","protected":false},"author":2,"featured_media":0,"parent":0,"menu_order":0,"comment_status":"closed","ping_status":"closed","template":"","meta":{"ngg_post_thumbnail":0,"footnotes":""},"class_list":["post-286","page","type-page","status-publish","hentry"],"_links":{"self":[{"href":"https:\/\/www.dynamic-club.be\/site\/wp-json\/wp\/v2\/pages\/286","targetHints":{"allow":["GET"]}}],"collection":[{"href":"https:\/\/www.dynamic-club.be\/site\/wp-json\/wp\/v2\/pages"}],"about":[{"href":"https:\/\/www.dynamic-club.be\/site\/wp-json\/wp\/v2\/types\/page"}],"author":[{"embeddable":true,"href":"https:\/\/www.dynamic-club.be\/site\/wp-json\/wp\/v2\/users\/2"}],"replies":[{"embeddable":true,"href":"https:\/\/www.dynamic-club.be\/site\/wp-json\/wp\/v2\/comments?post=286"}],"version-history":[{"count":0,"href":"https:\/\/www.dynamic-club.be\/site\/wp-json\/wp\/v2\/pages\/286\/revisions"}],"wp:attachment":[{"href":"https:\/\/www.dynamic-club.be\/site\/wp-json\/wp\/v2\/media?parent=286"}],"curies":[{"name":"wp","href":"https:\/\/api.w.org\/{rel}","templated":true}]}}