{"id":284,"date":"2017-11-19T13:50:33","date_gmt":"2017-11-19T12:50:33","guid":{"rendered":"http:\/\/www.dynamic-club.be\/site\/?page_id=284"},"modified":"2025-12-15T10:08:05","modified_gmt":"2025-12-15T09:08:05","slug":"gymnastique-artistique","status":"publish","type":"page","link":"https:\/\/www.dynamic-club.be\/site\/gymnastique-artistique\/","title":{"rendered":"Page &#8211; Gymnastique Artistique"},"content":{"rendered":"\t\t<div data-elementor-type=\"wp-post\" data-elementor-id=\"284\" class=\"elementor elementor-284\">\n\t\t\t\t\t\t<section class=\"elementor-section elementor-top-section elementor-element elementor-element-6859b604 elementor-section-boxed elementor-section-height-default elementor-section-height-default\" data-id=\"6859b604\" data-element_type=\"section\" data-e-type=\"section\">\n\t\t\t\t\t\t<div class=\"elementor-container elementor-column-gap-default\">\n\t\t\t\t\t<div class=\"elementor-column elementor-col-100 elementor-top-column elementor-element elementor-element-51899e89\" data-id=\"51899e89\" data-element_type=\"column\" data-e-type=\"column\">\n\t\t\t<div class=\"elementor-widget-wrap elementor-element-populated\">\n\t\t\t\t\t\t<div class=\"elementor-element elementor-element-4a5e0cb0 elementor-widget elementor-widget-text-editor\" data-id=\"4a5e0cb0\" data-element_type=\"widget\" data-e-type=\"widget\" data-widget_type=\"text-editor.default\">\n\t\t\t\t\t\t\t\t\t<h1><strong>Gymnastique Artistique<\/strong><\/h1>\n<p><a href=\"https:\/\/www.dynamic-club.be\/site\/wp-content\/uploads\/2025\/12\/BrochureDynamicClub25-26.pdf\"><span style=\"color: #0000ff;\"><strong>T\u00e9l\u00e9chargez le programme Saison 2025-2026 du Dynamic Club<\/strong><\/span><\/a><\/p>\n<p class=\"base\">D\u00e9veloppement des qualit\u00e9s gymniques de base, initiation et perfectionnement aux engins olympiques.<br \/>Possibilit\u00e9 de passage de brevets de la F\u00e9d\u00e9ration.<\/p>\n<table class=\"tableau\" style=\"width: 100%; height: 545px;\" border=\"0\" width=\"100%\" cellspacing=\"0\" cellpadding=\"0\"><colgroup> <col width=\"40%\" \/> <col width=\"45%\" \/> <\/colgroup> <colgroup> <col \/><\/colgroup>\n<tbody>\n<tr style=\"height: 33px;\">\n<th style=\"height: 33px;\">n\u00e9es en<\/th>\n<th style=\"height: 33px;\">F\u00e9minine<\/th>\n<th style=\"height: 33px;\">\u00a0<\/th>\n<\/tr>\n<tr style=\"height: 33px;\">\n<td style=\"height: 33px;\">2019-2018<\/td>\n<td style=\"height: 33px;\">Me\u00a0 \u00a015h00-16h30<\/td>\n<td style=\"height: 33px;\">GAF1.1<\/td>\n<\/tr>\n<tr style=\"height: 33px;\">\n<td style=\"height: 33px; text-align: center;\">\u00a0 \u00a0 \u00a0 \u00a0 \u00a0 \u00a0<\/td>\n<td style=\"height: 33px;\">Sa\u00a0 \u00a0 \u00a09h30-11h00<\/td>\n<td style=\"height: 33px;\">GAF1.2<\/td>\n<\/tr>\n<tr style=\"height: 33px;\">\n<td style=\"height: 33px;\">\u00a0<\/td>\n<td style=\"height: 33px;\">\u00a0<\/td>\n<td style=\"height: 33px;\">\u00a0<\/td>\n<\/tr>\n<tr style=\"height: 33px;\">\n<td style=\"height: 33px;\">2017-2016<\/td>\n<td style=\"height: 33px;\">Me\u00a0 \u00a0 13h30-15h00<\/td>\n<td style=\"height: 33px;\">GAF2.1<\/td>\n<\/tr>\n<tr style=\"height: 33px;\">\n<td style=\"height: 33px;\">\u00a0<\/td>\n<td style=\"height: 33px;\">Sa\u00a0 \u00a0 \u00a09h30-11h00<\/td>\n<td style=\"height: 33px;\">GAF2.2<\/td>\n<\/tr>\n<tr style=\"height: 33px;\">\n<td style=\"height: 33px;\">\u00a0<\/td>\n<td style=\"height: 33px;\">Ve\u00a0 \u00a0 16h30-18h00<\/td>\n<td style=\"height: 33px;\">GAF2.3<\/td>\n<\/tr>\n<tr style=\"height: 33px;\">\n<td style=\"height: 33px;\">\u00a0<\/td>\n<td style=\"height: 33px;\">\u00a0<\/td>\n<td style=\"height: 33px;\">\u00a0<\/td>\n<\/tr>\n<tr style=\"height: 33px;\">\n<td style=\"height: 33px;\">2015-2014<\/td>\n<td style=\"height: 33px;\">Ve\u00a0 \u00a0 18h00-19h30<\/td>\n<td style=\"height: 33px;\">GAF3.1<\/td>\n<\/tr>\n<tr style=\"height: 33px;\">\n<td style=\"height: 33px;\">\u00a0<\/td>\n<td style=\"height: 33px;\">Sa\u00a0 \u00a0 11h00-12h30<\/td>\n<td style=\"height: 33px;\">GAF3.2<\/td>\n<\/tr>\n<tr style=\"height: 33px;\">\n<td style=\"height: 33px;\">\u00a0<\/td>\n<td style=\"height: 33px;\">\u00a0<\/td>\n<td style=\"height: 33px;\">\u00a0<\/td>\n<\/tr>\n<tr style=\"height: 33px;\">\n<td style=\"height: 33px;\">2013-2012<\/td>\n<td style=\"height: 33px;\">Ve\u00a0 \u00a0 16h30-18h00<\/td>\n<td style=\"height: 33px;\">GAF4.1<\/td>\n<\/tr>\n<tr>\n<td>\u00a0<\/td>\n<td>Me\u00a0 \u00a016h30-18h00<\/td>\n<td>GAF4.2<\/td>\n<\/tr>\n<tr>\n<td>\u00a0<\/td>\n<td>\u00a0<\/td>\n<td>\u00a0<\/td>\n<\/tr>\n<tr style=\"height: 33px;\">\n<td style=\"height: 33px;\">2011-2008<\/td>\n<td style=\"height: 33px;\">Ve\u00a0 \u00a018h00-19h30<\/td>\n<td style=\"height: 33px;\">GAF5.1<\/td>\n<\/tr>\n<tr>\n<td>\u00a0<\/td>\n<td>Me\u00a0 18h00-19h30<\/td>\n<td>GAF5.2<\/td>\n<\/tr>\n<tr>\n<td>\u00a0<\/td>\n<td>\u00a0<\/td>\n<td>\u00a0<\/td>\n<\/tr>\n<tr>\n<td>2007 et avant<\/td>\n<td>Ve\u00a0 19h30-21h30<\/td>\n<td>GAF18<\/td>\n<\/tr>\n<\/tbody>\n<\/table>\n<p>\u00a0<\/p>\n<table class=\"tableau\" style=\"height: 290px; width: 100%;\" border=\"0\" width=\"100%\" cellspacing=\"0\" cellpadding=\"0\"><colgroup><col width=\"40%\" \/><col width=\"45%\" \/><\/colgroup><colgroup><col \/><\/colgroup>\n<tbody>\n<tr style=\"height: 33px;\">\n<th style=\"width: 39.9068%; height: 33px;\">n\u00e9s en<\/th>\n<th style=\"width: 44.8758%; height: 33px;\">Masculine<\/th>\n<th style=\"width: 15.0621%; height: 33px;\">\u00a0<\/th>\n<\/tr>\n<tr style=\"height: 33px;\">\n<td style=\"width: 39.9068%; text-align: left; height: 33px;\">2019-2017\u00a0 \u00a0 \u00a0 \u00a0 \u00a0 \u00a0 \u00a0 \u00a0\u00a0<\/td>\n<td style=\"width: 44.8758%; height: 33px;\">Sa\u00a0 \u00a0 9h30-11h00<\/td>\n<td style=\"width: 15.0621%; height: 33px;\">GAM1<\/td>\n<\/tr>\n<tr style=\"height: 33px;\">\n<td style=\"width: 39.9068%; text-align: right; height: 33px;\">\u00a0<\/td>\n<td style=\"width: 44.8758%; height: 33px;\">\u00a0<\/td>\n<td style=\"width: 15.0621%; height: 33px;\">\u00a0<\/td>\n<\/tr>\n<tr style=\"height: 26px;\">\n<td style=\"width: 39.9068%; height: 26px;\">2016-2014<\/td>\n<td style=\"width: 44.8758%; height: 26px;\">Sa\u00a0 \u00a011h00-12h30<\/td>\n<td style=\"width: 15.0621%; height: 26px;\">GAM2.1<\/td>\n<\/tr>\n<tr style=\"height: 33px;\">\n<td style=\"width: 39.9068%; height: 33px;\">\u00a0<\/td>\n<td style=\"width: 44.8758%; height: 33px;\">Me\u00a0 16h30-18h00 &#8211; sur s\u00e9lection<\/td>\n<td style=\"width: 15.0621%; height: 33px;\">GAM2.2<\/td>\n<\/tr>\n<tr>\n<td style=\"width: 39.9068%;\">\u00a0<\/td>\n<td style=\"width: 44.8758%;\">\u00a0<\/td>\n<td style=\"width: 15.0621%;\">\u00a0<\/td>\n<\/tr>\n<tr style=\"height: 33px;\">\n<td style=\"width: 39.9068%; height: 33px;\">2013-2011<\/td>\n<td style=\"width: 44.8758%; height: 33px;\">Ve\u00a0 \u00a017h00-18h30<\/td>\n<td style=\"width: 15.0621%; height: 33px;\">GAM3.1<\/td>\n<\/tr>\n<tr>\n<td style=\"width: 39.9068%;\">\u00a0<\/td>\n<td style=\"width: 44.8758%;\">Me\u00a0 17h45-19h15 &#8211; sur s\u00e9lection<\/td>\n<td style=\"width: 15.0621%;\">GAM3.2<\/td>\n<\/tr>\n<tr>\n<td style=\"width: 39.9068%;\">\u00a0<\/td>\n<td style=\"width: 44.8758%;\">\u00a0<\/td>\n<td style=\"width: 15.0621%;\">\u00a0<\/td>\n<\/tr>\n<tr style=\"height: 33px;\">\n<td style=\"width: 39.9068%; height: 33px;\">2010 et avant<\/td>\n<td style=\"width: 44.8758%; height: 33px;\">Ve\u00a0 18h30-20h00<\/td>\n<td style=\"width: 15.0621%; height: 33px;\">GAM4<\/td>\n<\/tr>\n<tr>\n<td style=\"width: 39.9068%;\">\u00a0<\/td>\n<td style=\"width: 44.8758%;\">\u00a0<\/td>\n<td style=\"width: 15.0621%;\">\u00a0<\/td>\n<\/tr>\n<tr>\n<td style=\"width: 39.9068%;\">2019-2011<\/td>\n<td style=\"width: 44.8758%;\">Lu\u00a0 16h30-18h30 &#8211; sur s\u00e9lection<\/td>\n<td style=\"width: 15.0621%;\">GAMC<\/td>\n<\/tr>\n<tr>\n<td style=\"width: 39.9068%;\">\u00a0<\/td>\n<td style=\"width: 44.8758%;\">\u00a0<\/td>\n<td style=\"width: 15.0621%;\">\u00a0<\/td>\n<\/tr>\n<tr>\n<td style=\"width: 39.9068%;\">20 ans et plus<\/td>\n<td style=\"width: 44.8758%;\">Lu\u00a0 18h30-20h00<\/td>\n<td style=\"width: 15.0621%;\">GAM20<\/td>\n<\/tr>\n<\/tbody>\n<\/table>\n\t\t\t\t\t\t\t\t<\/div>\n\t\t\t\t\t<\/div>\n\t\t<\/div>\n\t\t\t\t\t<\/div>\n\t\t<\/section>\n\t\t\t\t<\/div>\n\t\t","protected":false},"excerpt":{"rendered":"<p>Gymnastique Artistique T\u00e9l\u00e9chargez le programme Saison 2025-2026 du Dynamic Club D\u00e9veloppement des qualit\u00e9s gymniques de base, initiation et perfectionnement aux engins olympiques.Possibilit\u00e9 de passage de brevets de la F\u00e9d\u00e9ration. n\u00e9es en F\u00e9minine \u00a0 2019-2018 Me\u00a0 \u00a015h00-16h30 GAF1.1 \u00a0 \u00a0 \u00a0 \u00a0 \u00a0 \u00a0 Sa\u00a0 \u00a0 \u00a09h30-11h00 GAF1.2 \u00a0 \u00a0 \u00a0 2017-2016 Me\u00a0 \u00a0 13h30-15h00 GAF2.1 &hellip; <\/p>\n<p class=\"link-more\"><a href=\"https:\/\/www.dynamic-club.be\/site\/gymnastique-artistique\/\" class=\"more-link\">Continuer la lecture<span class=\"screen-reader-text\"> de &laquo;&nbsp;Page &#8211; Gymnastique Artistique&nbsp;&raquo;<\/span><\/a><\/p>\n","protected":false},"author":2,"featured_media":0,"parent":0,"menu_order":0,"comment_status":"closed","ping_status":"closed","template":"","meta":{"ngg_post_thumbnail":0,"footnotes":""},"class_list":["post-284","page","type-page","status-publish","hentry"],"_links":{"self":[{"href":"https:\/\/www.dynamic-club.be\/site\/wp-json\/wp\/v2\/pages\/284","targetHints":{"allow":["GET"]}}],"collection":[{"href":"https:\/\/www.dynamic-club.be\/site\/wp-json\/wp\/v2\/pages"}],"about":[{"href":"https:\/\/www.dynamic-club.be\/site\/wp-json\/wp\/v2\/types\/page"}],"author":[{"embeddable":true,"href":"https:\/\/www.dynamic-club.be\/site\/wp-json\/wp\/v2\/users\/2"}],"replies":[{"embeddable":true,"href":"https:\/\/www.dynamic-club.be\/site\/wp-json\/wp\/v2\/comments?post=284"}],"version-history":[{"count":0,"href":"https:\/\/www.dynamic-club.be\/site\/wp-json\/wp\/v2\/pages\/284\/revisions"}],"wp:attachment":[{"href":"https:\/\/www.dynamic-club.be\/site\/wp-json\/wp\/v2\/media?parent=284"}],"curies":[{"name":"wp","href":"https:\/\/api.w.org\/{rel}","templated":true}]}}